{"id":21573,"date":"2023-03-02T17:01:00","date_gmt":"2023-03-02T16:01:00","guid":{"rendered":"https:\/\/www.papernet.com\/product\/maxi-jumbo-toilet-tissue-420928\/"},"modified":"2023-05-30T09:56:09","modified_gmt":"2023-05-30T07:56:09","slug":"maxi-jumbo-toilet-tissue-420928","status":"publish","type":"product","link":"https:\/\/www.papernet.com\/pl\/wszystkie-produkty\/papiery-toaletowe\/papiery-toaletowe-maxi-jumbo\/420928\/","title":{"rendered":"Papier Toaletowy Maxi Jumbo &#8211; 420928"},"featured_media":0,"template":"","meta_box":{"product_label":"Papier Toaletowy Maxi Jumbo","product_data_id":"20707","product_technology_id":"","product_line_id":"21650","product_sub_id":"12408","product_description":"<p>Dzi\u0119ki swojej d\u0142ugo\u015bci, papier toaletowy Maxi Jumbo z serii Simplify jest idealny do d\u0142u\u017cszego u\u017cytkowania, co z jednej strony zmniejsza ryzyko wyczerpania si\u0119 rolki, a z drugiej strony czas i koszty zwi\u0105zane z jej wymian\u0105. Wszystko to zawsze z najwy\u017csz\u0105 dba\u0142o\u015bci\u0105 o zr\u00f3wnowa\u017cony rozw\u00f3j gwarantowany przez produkt neutralny pod wzgl\u0119dem emisji dwutlenku w\u0119gla.<\/p>\n","product_certifications_id":[12516,12517],"compatible_dispenser_id":[23246],"alternative_products_id":[],"suggested_activities_id":[],"product_ambients_post_id":[],"technical_information_overwrite":"0","technical_information":{"centerfeed":"Empty","food_contact":"Empty","material":"Empty","color":"Empty","package_pack":"Empty","package_delivery_case":"Empty"}},"_links":{"self":[{"href":"https:\/\/www.papernet.com\/pl\/wp-json\/wp\/v2\/product\/21573"}],"collection":[{"href":"https:\/\/www.papernet.com\/pl\/wp-json\/wp\/v2\/product"}],"about":[{"href":"https:\/\/www.papernet.com\/pl\/wp-json\/wp\/v2\/types\/product"}],"wp:attachment":[{"href":"https:\/\/www.papernet.com\/pl\/wp-json\/wp\/v2\/media?parent=21573"}],"curies":[{"name":"wp","href":"https:\/\/api.w.org\/{rel}","templated":true}]}}