{"id":21572,"date":"2023-03-03T15:10:40","date_gmt":"2023-03-03T14:10:40","guid":{"rendered":"https:\/\/www.papernet.com\/product\/toilet-tissue-mini-jumbo-420927\/"},"modified":"2023-05-30T09:54:32","modified_gmt":"2023-05-30T07:54:32","slug":"toilet-tissue-mini-jumbo-420927","status":"publish","type":"product","link":"https:\/\/www.papernet.com\/pl\/wszystkie-produkty\/papiery-toaletowe\/papiery-toaletowe-mini-jumbo\/420927\/","title":{"rendered":"Papier Toaletowy Mini Jumbo &#8211; 420927"},"featured_media":0,"template":"","meta_box":{"product_label":"Papier Toaletowy Mini Jumbo","product_data_id":"20708","product_technology_id":"","product_line_id":"21650","product_sub_id":"12407","product_description":"<p>Papier toaletowy Mini Jumbo z serii Simplify dzi\u0119ki swojemu rozmiarowi jest idealny do ma\u0142ych, ruchliwych pomieszcze\u0144. Ta cecha optymalizuje koszty i zmniejsza ryzyko wyczerpania. Wszystko to zawsze z najwy\u017csz\u0105 dba\u0142o\u015bci\u0105 o zr\u00f3wnowa\u017cony rozw\u00f3j gwarantowany przez produkt neutralny pod wzgl\u0119dem emisji dwutlenku w\u0119gla.<\/p>\n","product_certifications_id":[12516,12517],"compatible_dispenser_id":[23246],"alternative_products_id":[],"suggested_activities_id":[],"product_ambients_post_id":[],"technical_information_overwrite":"0","technical_information":{"centerfeed":"Empty","food_contact":"Empty","material":"Empty","color":"Empty","package_pack":"Empty","package_delivery_case":"Empty"}},"_links":{"self":[{"href":"https:\/\/www.papernet.com\/pl\/wp-json\/wp\/v2\/product\/21572"}],"collection":[{"href":"https:\/\/www.papernet.com\/pl\/wp-json\/wp\/v2\/product"}],"about":[{"href":"https:\/\/www.papernet.com\/pl\/wp-json\/wp\/v2\/types\/product"}],"wp:attachment":[{"href":"https:\/\/www.papernet.com\/pl\/wp-json\/wp\/v2\/media?parent=21572"}],"curies":[{"name":"wp","href":"https:\/\/api.w.org\/{rel}","templated":true}]}}