{"id":20004,"date":"2022-10-05T16:09:59","date_gmt":"2022-10-05T14:09:59","guid":{"rendered":"https:\/\/www.papernet.com\/product\/bobina-industriale-419734\/"},"modified":"2022-12-12T11:01:11","modified_gmt":"2022-12-12T10:01:11","slug":"bobina-industriale-419734","status":"publish","type":"product","link":"https:\/\/www.papernet.com\/pl\/wszystkie-produkty\/czysciwa-przemyslowe\/czysciwa-przemyslowe-w-roli\/419734\/","title":{"rendered":"Rola Przemyslowa &#8211; 419734"},"featured_media":0,"template":"","meta_box":{"product_label":"Rola Przemyslowa","product_data_id":"16651","product_technology_id":"12485","product_line_id":"","product_sub_id":"12400","product_description":"<p style=\"font-weight: 400\">Czy\u015bciwa przemys\u0142owe Defend Tech s\u0105 zapakowane w foli\u0119 antybakteryjn\u0105 dla zapewnienia najwy\u017cszego poziomu ochrony i higieny.<\/p>\n","product_certifications_id":[12516,12517],"compatible_dispenser_id":[18569],"alternative_products_id":[],"suggested_activities_id":[],"product_ambients_post_id":[],"technical_information_overwrite":"0","technical_information":{"centerfeed":"Empty","food_contact":"Empty","material":"Empty","color":"Empty","package_pack":"Empty","package_delivery_case":"Empty"}},"_links":{"self":[{"href":"https:\/\/www.papernet.com\/pl\/wp-json\/wp\/v2\/product\/20004"}],"collection":[{"href":"https:\/\/www.papernet.com\/pl\/wp-json\/wp\/v2\/product"}],"about":[{"href":"https:\/\/www.papernet.com\/pl\/wp-json\/wp\/v2\/types\/product"}],"wp:attachment":[{"href":"https:\/\/www.papernet.com\/pl\/wp-json\/wp\/v2\/media?parent=20004"}],"curies":[{"name":"wp","href":"https:\/\/api.w.org\/{rel}","templated":true}]}}