{"id":18875,"date":"2022-11-04T21:33:50","date_gmt":"2022-11-04T20:33:50","guid":{"rendered":"https:\/\/www.papernet.com\/?post_type=product&#038;p=18875"},"modified":"2022-11-07T16:48:08","modified_gmt":"2022-11-07T15:48:08","slug":"papier-toaletowy-420275","status":"publish","type":"product","link":"https:\/\/www.papernet.com\/pl\/wszystkie-produkty\/papiery-toaletowe\/papiery-toaletowe\/420275\/","title":{"rendered":"Papier Toaletowy &#8211; 420275"},"featured_media":0,"template":"","meta_box":{"product_label":"Papier Toaletowy","product_data_id":"5713","product_technology_id":"","product_line_id":"","product_sub_id":"12404","product_description":"Unikalne cechy papieru toaletowego Papernet sprawiaj\u0105, \u017ce idealnie nadaje si\u0119 do r\u00f3\u017cnych rodzaj\u00f3w obiekt\u00f3w, zapewniaj\u0105c wysok\u0105 wydajno\u015b\u0107, higien\u0119 i oszcz\u0119dno\u015b\u0107 czasu.","product_certifications_id":[12517],"compatible_dispenser_id":[18759,18249],"alternative_products_id":[],"suggested_activities_id":[],"product_ambients_post_id":[],"technical_information_overwrite":"0","technical_information":{"centerfeed":"Empty","food_contact":"Empty","material":"Empty","color":"Empty","package_pack":"Empty","package_delivery_case":"Empty"}},"_links":{"self":[{"href":"https:\/\/www.papernet.com\/pl\/wp-json\/wp\/v2\/product\/18875"}],"collection":[{"href":"https:\/\/www.papernet.com\/pl\/wp-json\/wp\/v2\/product"}],"about":[{"href":"https:\/\/www.papernet.com\/pl\/wp-json\/wp\/v2\/types\/product"}],"wp:attachment":[{"href":"https:\/\/www.papernet.com\/pl\/wp-json\/wp\/v2\/media?parent=18875"}],"curies":[{"name":"wp","href":"https:\/\/api.w.org\/{rel}","templated":true}]}}