{"id":18851,"date":"2022-11-04T21:39:05","date_gmt":"2022-11-04T20:39:05","guid":{"rendered":"https:\/\/www.papernet.com\/?post_type=product&#038;p=18851"},"modified":"2022-11-07T16:48:07","modified_gmt":"2022-11-07T15:48:07","slug":"chusteczki-kosmetyczne-419588","status":"publish","type":"product","link":"https:\/\/www.papernet.com\/pl\/wszystkie-produkty\/chusteczki-kosmetyczne\/chusteczki-kosmetyczne\/419588\/","title":{"rendered":"Chusteczki Kosmetyczne &#8211; 419588"},"featured_media":0,"template":"","meta_box":{"product_label":"Chusteczki Kosmetyczne","product_data_id":"4019","product_technology_id":"","product_line_id":"","product_sub_id":"12397","product_description":"Dzi\u0119ki mi\u0119kko\u015bci papieru, chusteczki kosmetyczne Papernet, s\u0105 idealne nawet dla najbardziej wra\u017cliwej sk\u00f3ry dbaj\u0105c jednocze\u015bnie o dobre samopoczucie ich u\u017cytkownik\u00f3w.","product_certifications_id":[12516],"compatible_dispenser_id":[],"alternative_products_id":[],"suggested_activities_id":[],"product_ambients_post_id":[],"technical_information_overwrite":"0","technical_information":{"centerfeed":"Empty","food_contact":"Empty","material":"Empty","color":"Empty","package_pack":"Empty","package_delivery_case":"Empty"}},"_links":{"self":[{"href":"https:\/\/www.papernet.com\/pl\/wp-json\/wp\/v2\/product\/18851"}],"collection":[{"href":"https:\/\/www.papernet.com\/pl\/wp-json\/wp\/v2\/product"}],"about":[{"href":"https:\/\/www.papernet.com\/pl\/wp-json\/wp\/v2\/types\/product"}],"wp:attachment":[{"href":"https:\/\/www.papernet.com\/pl\/wp-json\/wp\/v2\/media?parent=18851"}],"curies":[{"name":"wp","href":"https:\/\/api.w.org\/{rel}","templated":true}]}}