{"id":18843,"date":"2022-11-04T21:37:26","date_gmt":"2022-11-04T20:37:26","guid":{"rendered":"https:\/\/www.papernet.com\/?post_type=product&#038;p=18843"},"modified":"2022-11-07T16:48:06","modified_gmt":"2022-11-07T15:48:06","slug":"czysciwo-fast-clean-419295","status":"publish","type":"product","link":"https:\/\/www.papernet.com\/pl\/wszystkie-produkty\/reczniki-skladane\/arkusze-door-tissue\/419295\/","title":{"rendered":"Czysciwo \u201cFast &#038; Clean\u201d &#8211; 419295"},"featured_media":0,"template":"","meta_box":{"product_label":"Czysciwo \u201cFast & Clean\u201d","product_data_id":"4630","product_technology_id":"12485","product_line_id":"","product_sub_id":"12411","product_description":"Czy\u015bciwo papierowe - wielozadaniowe, praktyczne i por\u0119czne dedykowane do obiekt\u00f3w jak bary, restauracje, biura czy szpitale. Klej znajduj\u0105cy si\u0119 na odwrocie opakowania, pozwala \u0142\u0105czy\u0107 produkt z ka\u017cdym rodzajem detergentu w sprayu, a praktyczne otwieranie u\u0142atwia wyjmowanie pojedynczego listka papieru, unikaj\u0105c marnotrawstwa.","product_certifications_id":[12516,12517],"compatible_dispenser_id":[],"alternative_products_id":[],"suggested_activities_id":[],"product_ambients_post_id":[],"technical_information_overwrite":"0","technical_information":{"centerfeed":"Empty","food_contact":"Empty","material":"Empty","color":"Empty","package_pack":"Empty","package_delivery_case":"Empty"}},"_links":{"self":[{"href":"https:\/\/www.papernet.com\/pl\/wp-json\/wp\/v2\/product\/18843"}],"collection":[{"href":"https:\/\/www.papernet.com\/pl\/wp-json\/wp\/v2\/product"}],"about":[{"href":"https:\/\/www.papernet.com\/pl\/wp-json\/wp\/v2\/types\/product"}],"wp:attachment":[{"href":"https:\/\/www.papernet.com\/pl\/wp-json\/wp\/v2\/media?parent=18843"}],"curies":[{"name":"wp","href":"https:\/\/api.w.org\/{rel}","templated":true}]}}