{"id":18825,"date":"2022-11-04T21:43:45","date_gmt":"2022-11-04T20:43:45","guid":{"rendered":"https:\/\/www.papernet.com\/?post_type=product&#038;p=18825"},"modified":"2025-12-09T15:16:45","modified_gmt":"2025-12-09T14:16:45","slug":"antybakteryjny-bezdotykowy-podajnik-universus-419274","status":"publish","type":"product","link":"https:\/\/www.papernet.com\/pl\/wszystkie-produkty\/dozowniki\/dozowniki-do-recznikow-w-roli\/419274\/","title":{"rendered":"Antybakteryjny Bezdotykowy Podajnik Universus &#8211; 419274"},"featured_media":0,"template":"","meta_box":{"product_label":"Antybakteryjny Bezdotykowy Podajnik Universus","product_data_id":"3725","product_technology_id":"12485","product_line_id":"","product_sub_id":"12429","product_description":"<p>Szeroka gama antybakteryjnych dozownik\u00f3w z tworzywa sztucznego charakteryzuj\u0105ca si\u0119 elegancj\u0105, a jednocze\u015bnie prostot\u0105. Cechy te zawdzi\u0119cza unikalnemu w\u0142oskiemu wzornictwu, kt\u00f3re sprawia, \u017ce Twoje otoczenie b\u0119dzie czyste i uporz\u0105dkowane.<br \/>\nKompatybilny z dowolnym Reczniki w Rolce Autocut.<\/p>\n","product_certifications_id":[],"compatible_dispenser_id":[],"alternative_products_id":[],"suggested_activities_id":[],"product_ambients_post_id":[],"technical_information_overwrite":"0","technical_information":{"centerfeed":"Empty","food_contact":"Empty","material":"Empty","color":"Empty","package_pack":"Empty","package_delivery_case":"Empty"}},"_links":{"self":[{"href":"https:\/\/www.papernet.com\/pl\/wp-json\/wp\/v2\/product\/18825"}],"collection":[{"href":"https:\/\/www.papernet.com\/pl\/wp-json\/wp\/v2\/product"}],"about":[{"href":"https:\/\/www.papernet.com\/pl\/wp-json\/wp\/v2\/types\/product"}],"wp:attachment":[{"href":"https:\/\/www.papernet.com\/pl\/wp-json\/wp\/v2\/media?parent=18825"}],"curies":[{"name":"wp","href":"https:\/\/api.w.org\/{rel}","templated":true}]}}