{"id":18815,"date":"2022-11-04T21:41:57","date_gmt":"2022-11-04T20:41:57","guid":{"rendered":"https:\/\/www.papernet.com\/?post_type=product&#038;p=18815"},"modified":"2022-11-07T16:48:03","modified_gmt":"2022-11-07T15:48:03","slug":"reczniki-w-rolce-centrefeed-418698","status":"publish","type":"product","link":"https:\/\/www.papernet.com\/pl\/wszystkie-produkty\/reczniki-w-roli\/reczniki-centralnego-dozowania\/418698\/","title":{"rendered":"Reczniki w Rolce Centrefeed &#8211; 418698"},"featured_media":0,"template":"","meta_box":{"product_label":"Reczniki w Rolce Centrefeed","product_data_id":"3797","product_technology_id":"","product_line_id":"","product_sub_id":"12401","product_description":"R\u0119czniki Centralnego Dozowania Papernet ograniczaj\u0105 koszty, nie dopuszczaj\u0105c do marnotrawienia dzi\u0119ki podajnikom umo\u017cliwiaj\u0105cym dozowanie jednego listka za ka\u017cdym razem. Idealnie nadaj\u0105 si\u0119 do wszelkiego typu prac porz\u0105dkowych oraz zapewnienia higieny.","product_certifications_id":[],"compatible_dispenser_id":[18529,18703,18569],"alternative_products_id":[],"suggested_activities_id":[],"product_ambients_post_id":[],"technical_information_overwrite":"0","technical_information":{"centerfeed":"Empty","food_contact":"Empty","material":"Empty","color":"Empty","package_pack":"Empty","package_delivery_case":"Empty"}},"_links":{"self":[{"href":"https:\/\/www.papernet.com\/pl\/wp-json\/wp\/v2\/product\/18815"}],"collection":[{"href":"https:\/\/www.papernet.com\/pl\/wp-json\/wp\/v2\/product"}],"about":[{"href":"https:\/\/www.papernet.com\/pl\/wp-json\/wp\/v2\/types\/product"}],"wp:attachment":[{"href":"https:\/\/www.papernet.com\/pl\/wp-json\/wp\/v2\/media?parent=18815"}],"curies":[{"name":"wp","href":"https:\/\/api.w.org\/{rel}","templated":true}]}}