{"id":18789,"date":"2022-11-04T21:47:40","date_gmt":"2022-11-04T20:47:40","guid":{"rendered":"https:\/\/www.papernet.com\/?post_type=product&#038;p=18789"},"modified":"2022-11-07T16:48:00","modified_gmt":"2022-11-07T15:48:00","slug":"papier-toaletowy-mini-jumbo-418089","status":"publish","type":"product","link":"https:\/\/www.papernet.com\/pl\/wszystkie-produkty\/papiery-toaletowe\/papiery-toaletowe-mini-jumbo\/418089\/","title":{"rendered":"Papier Toaletowy Mini Jumbo &#8211; 418089"},"featured_media":0,"template":"","meta_box":{"product_label":"Papier Toaletowy Mini Jumbo","product_data_id":"4395","product_technology_id":"","product_line_id":"","product_sub_id":"12407","product_description":"Dzi\u0119ki niewielkim wymiarom podajnika, papier toaletowy Mini Jumbo jest idealny do nawet niewielkich \u0142azienek o znacznym nat\u0119\u017ceniu ruchu. Ta cecha umo\u017cliwia optymalizacj\u0119 koszt\u00f3w i zmniejszenie ryzyka braku papieru.","product_certifications_id":[12517],"compatible_dispenser_id":[18561,18531],"alternative_products_id":[],"suggested_activities_id":[],"product_ambients_post_id":[],"technical_information_overwrite":"0","technical_information":{"centerfeed":"Empty","food_contact":"Empty","material":"Empty","color":"Empty","package_pack":"Empty","package_delivery_case":"Empty"}},"_links":{"self":[{"href":"https:\/\/www.papernet.com\/pl\/wp-json\/wp\/v2\/product\/18789"}],"collection":[{"href":"https:\/\/www.papernet.com\/pl\/wp-json\/wp\/v2\/product"}],"about":[{"href":"https:\/\/www.papernet.com\/pl\/wp-json\/wp\/v2\/types\/product"}],"wp:attachment":[{"href":"https:\/\/www.papernet.com\/pl\/wp-json\/wp\/v2\/media?parent=18789"}],"curies":[{"name":"wp","href":"https:\/\/api.w.org\/{rel}","templated":true}]}}