{"id":18711,"date":"2022-11-04T22:04:32","date_gmt":"2022-11-04T21:04:32","guid":{"rendered":"https:\/\/www.papernet.com\/?post_type=product&#038;p=18711"},"modified":"2022-11-07T16:47:53","modified_gmt":"2022-11-07T15:47:53","slug":"papier-toaletowy-w-skladce-417214","status":"publish","type":"product","link":"https:\/\/www.papernet.com\/pl\/wszystkie-produkty\/papiery-toaletowe\/papiery-toaletowe-w-skladce\/417214\/","title":{"rendered":"Papier Toaletowy W Skladce &#8211; 417214"},"featured_media":0,"template":"","meta_box":{"product_label":"Papier Toaletowy W Skladce","product_data_id":"4431","product_technology_id":"12484","product_line_id":"","product_sub_id":"12406","product_description":"Papier toaletowy Dissolve Tech, mi\u0119kki i wytrzyma\u0142y, jak konwencjonalny papier toaletowy, dzi\u0119ki technologii TWS (Temporary Wet Strenght) rozpuszcza si\u0119 w kontakcie z wod\u0105 w czasie kr\u00f3tszym ni\u017c sze\u015b\u0107 sekund, zmniejszaj\u0105c ryzyko wyst\u0105pienia niedro\u017cno\u015bci. Dedykowany do samolot\u00f3w, poci\u0105g\u00f3w, statk\u00f3w wycieczkowych, na kempingi, itp.","product_certifications_id":[12517],"compatible_dispenser_id":[18535,18555,18759],"alternative_products_id":[],"suggested_activities_id":[],"product_ambients_post_id":[],"technical_information_overwrite":"0","technical_information":{"centerfeed":"Empty","food_contact":"Empty","material":"Empty","color":"Empty","package_pack":"Empty","package_delivery_case":"Empty"}},"_links":{"self":[{"href":"https:\/\/www.papernet.com\/pl\/wp-json\/wp\/v2\/product\/18711"}],"collection":[{"href":"https:\/\/www.papernet.com\/pl\/wp-json\/wp\/v2\/product"}],"about":[{"href":"https:\/\/www.papernet.com\/pl\/wp-json\/wp\/v2\/types\/product"}],"wp:attachment":[{"href":"https:\/\/www.papernet.com\/pl\/wp-json\/wp\/v2\/media?parent=18711"}],"curies":[{"name":"wp","href":"https:\/\/api.w.org\/{rel}","templated":true}]}}