{"id":18683,"date":"2022-11-04T22:08:27","date_gmt":"2022-11-04T21:08:27","guid":{"rendered":"https:\/\/www.papernet.com\/?post_type=product&#038;p=18683"},"modified":"2022-11-07T16:47:51","modified_gmt":"2022-11-07T15:47:51","slug":"dozownik-antybakteryjne-serwetki-w-skladce-superior-417192","status":"publish","type":"product","link":"https:\/\/www.papernet.com\/pl\/wszystkie-produkty\/dozowniki\/dozowniki-do-serwetek\/417192\/","title":{"rendered":"Dozownik Antybakteryjne Serwetki w Sk\u0142adce Superior &#8211; 417192"},"featured_media":0,"template":"","meta_box":{"product_label":"Dozownik Antybakteryjne Serwetki w Sk\u0142adce Superior","product_data_id":"3582","product_technology_id":"12479","product_line_id":"","product_sub_id":"12422","product_description":"Szeroka gama antybakteryjnych dozownik\u00f3w z tworzywa sztucznego charakteryzuj\u0105ca si\u0119 elegancj\u0105, a jednocze\u015bnie prostot\u0105. Cechy te zawdzi\u0119cza unikalnemu w\u0142oskiemu wzornictwu, kt\u00f3re sprawia, \u017ce Twoje otoczenie b\u0119dzie czyste i uporz\u0105dkowane.","product_certifications_id":[],"compatible_dispenser_id":[],"alternative_products_id":[],"suggested_activities_id":[],"product_ambients_post_id":[],"technical_information_overwrite":"0","technical_information":{"centerfeed":"Empty","food_contact":"Empty","material":"Empty","color":"Empty","package_pack":"Empty","package_delivery_case":"Empty"}},"_links":{"self":[{"href":"https:\/\/www.papernet.com\/pl\/wp-json\/wp\/v2\/product\/18683"}],"collection":[{"href":"https:\/\/www.papernet.com\/pl\/wp-json\/wp\/v2\/product"}],"about":[{"href":"https:\/\/www.papernet.com\/pl\/wp-json\/wp\/v2\/types\/product"}],"wp:attachment":[{"href":"https:\/\/www.papernet.com\/pl\/wp-json\/wp\/v2\/media?parent=18683"}],"curies":[{"name":"wp","href":"https:\/\/api.w.org\/{rel}","templated":true}]}}