{"id":18655,"date":"2022-11-04T22:10:59","date_gmt":"2022-11-04T21:10:59","guid":{"rendered":"https:\/\/www.papernet.com\/?post_type=product&#038;p=18655"},"modified":"2022-11-07T16:47:49","modified_gmt":"2022-11-07T15:47:49","slug":"reczniki-skladany-z-416617","status":"publish","type":"product","link":"https:\/\/www.papernet.com\/pl\/wszystkie-produkty\/reczniki-skladane\/reczniki-skladane-z\/416617\/","title":{"rendered":"Reczniki Skladany Z &#8211; 416617"},"featured_media":0,"template":"","meta_box":{"product_label":"Reczniki Skladany Z","product_data_id":"4121","product_technology_id":"12484","product_line_id":"","product_sub_id":"12414","product_description":"R\u0119czniki sk\u0142adane Dissolve Tech, dzi\u0119ki unikalnej technologii TWS (Temporary WET Straght), zapewniaj\u0105 jednocze\u015bnie odpowiedni\u0105 wytrzyma\u0142o\u015b\u0107 i wysok\u0105 absorpcj\u0119 wody. Idealne do pomieszcze\u0144 o du\u017cym nat\u0119\u017ceniu ruchu. W przypadku wrzucenia ich do toalety, rozpuszczaj\u0105 si\u0119 w czasie poni\u017cej trzech minut, tak samo jak tradycyjny papier toaletowy.","product_certifications_id":[12517],"compatible_dispenser_id":[18545,18559,18553,18537],"alternative_products_id":[],"suggested_activities_id":[],"product_ambients_post_id":[],"technical_information_overwrite":"0","technical_information":{"centerfeed":"Empty","food_contact":"Empty","material":"Empty","color":"Empty","package_pack":"Empty","package_delivery_case":"Empty"}},"_links":{"self":[{"href":"https:\/\/www.papernet.com\/pl\/wp-json\/wp\/v2\/product\/18655"}],"collection":[{"href":"https:\/\/www.papernet.com\/pl\/wp-json\/wp\/v2\/product"}],"about":[{"href":"https:\/\/www.papernet.com\/pl\/wp-json\/wp\/v2\/types\/product"}],"wp:attachment":[{"href":"https:\/\/www.papernet.com\/pl\/wp-json\/wp\/v2\/media?parent=18655"}],"curies":[{"name":"wp","href":"https:\/\/api.w.org\/{rel}","templated":true}]}}