{"id":18581,"date":"2022-11-04T22:26:54","date_gmt":"2022-11-04T21:26:54","guid":{"rendered":"https:\/\/www.papernet.com\/?post_type=product&#038;p=18581"},"modified":"2025-11-25T13:44:11","modified_gmt":"2025-11-25T12:44:11","slug":"serwetki-w-skladce-%c2%bc-416181","status":"publish","type":"product","link":"https:\/\/www.papernet.com\/pl\/wszystkie-produkty\/serwetki\/serwetki-w-skladce\/416181\/","title":{"rendered":"Serwetki w Skladce \u00bc &#8211; 416181"},"featured_media":0,"template":"","meta_box":{"product_label":"Serwetki w Skladce \u00bc","product_data_id":"4489","product_technology_id":"12479","product_line_id":"","product_sub_id":"12394","product_description":"<p>Odpowiednie na ka\u017cd\u0105 okazj\u0119. Serwetki Papernet s\u0105 doskona\u0142ym sposobem do podkre\u015blenie indywidualnego stylu restauracji i sprawienia, aby st\u00f3\u0142 sta\u0142 si\u0119 funkcjonalny. Stosowanie dozownika pomaga r\u00f3wnie\u017c obni\u017cy\u0107 koszty, umo\u017cliwiaj\u0105c wyjmowanie jednej serwetki na raz, aby unikn\u0105\u0107 marnotrawstwa.<\/p>\n","product_certifications_id":[12516,12517,25653],"compatible_dispenser_id":[18683,18693,18685,18757],"alternative_products_id":[],"suggested_activities_id":[],"product_ambients_post_id":[],"technical_information_overwrite":"0","technical_information":{"centerfeed":"Empty","food_contact":"Empty","material":"Empty","color":"Empty","package_pack":"Empty","package_delivery_case":"Empty"}},"_links":{"self":[{"href":"https:\/\/www.papernet.com\/pl\/wp-json\/wp\/v2\/product\/18581"}],"collection":[{"href":"https:\/\/www.papernet.com\/pl\/wp-json\/wp\/v2\/product"}],"about":[{"href":"https:\/\/www.papernet.com\/pl\/wp-json\/wp\/v2\/types\/product"}],"wp:attachment":[{"href":"https:\/\/www.papernet.com\/pl\/wp-json\/wp\/v2\/media?parent=18581"}],"curies":[{"name":"wp","href":"https:\/\/api.w.org\/{rel}","templated":true}]}}