{"id":18541,"date":"2022-11-04T22:34:12","date_gmt":"2022-11-04T21:34:12","guid":{"rendered":"https:\/\/www.papernet.com\/?post_type=product&#038;p=18541"},"modified":"2022-11-07T16:47:42","modified_gmt":"2022-11-07T15:47:42","slug":"dozownik-antybakteryjne-mydlo-w-pianie-416150","status":"publish","type":"product","link":"https:\/\/www.papernet.com\/pl\/wszystkie-produkty\/dozowniki\/dozowniki-do-mydla\/416150\/","title":{"rendered":"Dozownik Antybakteryjne Mydlo w Pianie &#8211; 416150"},"featured_media":0,"template":"","meta_box":{"product_label":"Dozownik Antybakteryjne Mydlo w Pianie","product_data_id":"3599","product_technology_id":"12485","product_line_id":"","product_sub_id":"12427","product_description":"Szeroka gama antybakteryjnych dozownik\u00f3w z tworzywa sztucznego charakteryzuj\u0105ca si\u0119 elegancj\u0105, a jednocze\u015bnie prostot\u0105. Cechy te zawdzi\u0119cza unikalnemu w\u0142oskiemu wzornictwu, kt\u00f3re sprawia, \u017ce Twoje otoczenie b\u0119dzie czyste i uporz\u0105dkowane.","product_certifications_id":[],"compatible_dispenser_id":[],"alternative_products_id":[],"suggested_activities_id":[],"product_ambients_post_id":[],"technical_information_overwrite":"0","technical_information":{"centerfeed":"Empty","food_contact":"Empty","material":"Empty","color":"Empty","package_pack":"Empty","package_delivery_case":"Empty"}},"_links":{"self":[{"href":"https:\/\/www.papernet.com\/pl\/wp-json\/wp\/v2\/product\/18541"}],"collection":[{"href":"https:\/\/www.papernet.com\/pl\/wp-json\/wp\/v2\/product"}],"about":[{"href":"https:\/\/www.papernet.com\/pl\/wp-json\/wp\/v2\/types\/product"}],"wp:attachment":[{"href":"https:\/\/www.papernet.com\/pl\/wp-json\/wp\/v2\/media?parent=18541"}],"curies":[{"name":"wp","href":"https:\/\/api.w.org\/{rel}","templated":true}]}}