{"id":18411,"date":"2022-11-04T22:57:25","date_gmt":"2022-11-04T21:57:25","guid":{"rendered":"https:\/\/www.papernet.com\/?post_type=product&#038;p=18411"},"modified":"2022-11-07T16:47:34","modified_gmt":"2022-11-07T15:47:34","slug":"reczniki-skladany-v-412043","status":"publish","type":"product","link":"https:\/\/www.papernet.com\/pl\/wszystkie-produkty\/reczniki-skladane\/reczniki-skladane-v\/412043\/","title":{"rendered":"Reczniki Skladany V &#8211; 412043"},"featured_media":0,"template":"","meta_box":{"product_label":"Reczniki Skladany V","product_data_id":"4042","product_technology_id":"","product_line_id":"","product_sub_id":"12415","product_description":"R\u0119czniki sk\u0142adane Papernet s\u0105 najlepszym rozwi\u0105zaniem do skutecznego osuszania d\u0142oni, zmniejszaj\u0105c jednocze\u015bnie ilo\u015b\u0107 zarazk\u00f3w i bakterii na d\u0142oniach oraz redukuj\u0105c ich rozproszenie w otaczaj\u0105cym \u015brodowisku. R\u00f3\u017cne rodzaje r\u0119cznik\u00f3w sk\u0142adanych zaspokoj\u0105 Twoje potrzeby, ograniczaj\u0105c ilo\u015b\u0107 odpad\u00f3w i wp\u0142yw na \u015brodowisko.","product_certifications_id":[12517],"compatible_dispenser_id":[18527,18697],"alternative_products_id":[],"suggested_activities_id":[],"product_ambients_post_id":[],"technical_information_overwrite":"0","technical_information":{"centerfeed":"Empty","food_contact":"Empty","material":"Empty","color":"Empty","package_pack":"Empty","package_delivery_case":"Empty"}},"_links":{"self":[{"href":"https:\/\/www.papernet.com\/pl\/wp-json\/wp\/v2\/product\/18411"}],"collection":[{"href":"https:\/\/www.papernet.com\/pl\/wp-json\/wp\/v2\/product"}],"about":[{"href":"https:\/\/www.papernet.com\/pl\/wp-json\/wp\/v2\/types\/product"}],"wp:attachment":[{"href":"https:\/\/www.papernet.com\/pl\/wp-json\/wp\/v2\/media?parent=18411"}],"curies":[{"name":"wp","href":"https:\/\/api.w.org\/{rel}","templated":true}]}}