{"id":18405,"date":"2022-11-04T22:56:23","date_gmt":"2022-11-04T21:56:23","guid":{"rendered":"https:\/\/www.papernet.com\/?post_type=product&#038;p=18405"},"modified":"2022-11-07T16:47:34","modified_gmt":"2022-11-07T15:47:34","slug":"rola-przemyslowa-412008","status":"publish","type":"product","link":"https:\/\/www.papernet.com\/pl\/wszystkie-produkty\/czysciwa-przemyslowe\/czysciwa-przemyslowe-w-roli\/412008\/","title":{"rendered":"Rola Przemyslowa &#8211; 412008"},"featured_media":0,"template":"","meta_box":{"product_label":"Rola Przemyslowa","product_data_id":"3893","product_technology_id":"","product_line_id":"","product_sub_id":"12400","product_description":"Dzi\u0119ki wysokiej ch\u0142onno\u015bci, czy\u015bciwa przemys\u0142owe Papernet doskonale nadaj\u0105 si\u0119 do miejsc wymagaj\u0105cych dok\u0142adnego i codziennego czyszczenia.","product_certifications_id":[],"compatible_dispenser_id":[18313,18315],"alternative_products_id":[],"suggested_activities_id":[],"product_ambients_post_id":[],"technical_information_overwrite":"0","technical_information":{"centerfeed":"Empty","food_contact":"Empty","material":"Empty","color":"Empty","package_pack":"Empty","package_delivery_case":"Empty"}},"_links":{"self":[{"href":"https:\/\/www.papernet.com\/pl\/wp-json\/wp\/v2\/product\/18405"}],"collection":[{"href":"https:\/\/www.papernet.com\/pl\/wp-json\/wp\/v2\/product"}],"about":[{"href":"https:\/\/www.papernet.com\/pl\/wp-json\/wp\/v2\/types\/product"}],"wp:attachment":[{"href":"https:\/\/www.papernet.com\/pl\/wp-json\/wp\/v2\/media?parent=18405"}],"curies":[{"name":"wp","href":"https:\/\/api.w.org\/{rel}","templated":true}]}}