{"id":18345,"date":"2022-11-04T23:06:26","date_gmt":"2022-11-04T22:06:26","guid":{"rendered":"https:\/\/www.papernet.com\/?post_type=product&#038;p=18345"},"modified":"2022-11-07T16:47:30","modified_gmt":"2022-11-07T15:47:30","slug":"papier-toaletowy-mini-jumbo-407574","status":"publish","type":"product","link":"https:\/\/www.papernet.com\/pl\/wszystkie-produkty\/papiery-toaletowe\/papiery-toaletowe-mini-jumbo\/407574\/","title":{"rendered":"Papier Toaletowy Mini Jumbo &#8211; 407574"},"featured_media":0,"template":"","meta_box":{"product_label":"Papier Toaletowy Mini Jumbo","product_data_id":"4200","product_technology_id":"12483","product_line_id":"","product_sub_id":"12407","product_description":"Papier toaletowy Bio Tech, dzi\u0119ki technologii Biologic Active Tissue Paper (BATP), skutecznie i naturalnie zwalcza bakterie patogenne, pomagaj\u0105c w oczyszczaniu systemow kanalizacyjnych, oczyszczalniach \u015bciek\u00f3w i fosach aseptycznych. Jego cechy sprawiaj\u0105, \u017ce jest to idealne rozwi\u0105zanie do miejsc o du\u017cym nat\u0119\u017ceniu ruchu, co zmniejsza ryzyko niedro\u017cno\u015bci i koszty nieplanowej konserwacji.","product_certifications_id":[12517],"compatible_dispenser_id":[18561,18531],"alternative_products_id":[],"suggested_activities_id":[],"product_ambients_post_id":[],"technical_information_overwrite":"0","technical_information":{"centerfeed":"Empty","food_contact":"Empty","material":"Empty","color":"Empty","package_pack":"Empty","package_delivery_case":"Empty"}},"_links":{"self":[{"href":"https:\/\/www.papernet.com\/pl\/wp-json\/wp\/v2\/product\/18345"}],"collection":[{"href":"https:\/\/www.papernet.com\/pl\/wp-json\/wp\/v2\/product"}],"about":[{"href":"https:\/\/www.papernet.com\/pl\/wp-json\/wp\/v2\/types\/product"}],"wp:attachment":[{"href":"https:\/\/www.papernet.com\/pl\/wp-json\/wp\/v2\/media?parent=18345"}],"curies":[{"name":"wp","href":"https:\/\/api.w.org\/{rel}","templated":true}]}}