{"id":18207,"date":"2022-11-04T23:34:04","date_gmt":"2022-11-04T22:34:04","guid":{"rendered":"https:\/\/www.papernet.com\/?post_type=product&#038;p=18207"},"modified":"2022-11-07T16:47:18","modified_gmt":"2022-11-07T15:47:18","slug":"papier-toaletowy-maxi-jumbo-401849","status":"publish","type":"product","link":"https:\/\/www.papernet.com\/pl\/wszystkie-produkty\/papiery-toaletowe\/papiery-toaletowe-maxi-jumbo\/401849\/","title":{"rendered":"Papier Toaletowy Maxi Jumbo &#8211; 401849"},"featured_media":0,"template":"","meta_box":{"product_label":"Papier Toaletowy Maxi Jumbo","product_data_id":"4356","product_technology_id":"","product_line_id":"","product_sub_id":"12408","product_description":"Dzi\u0119ki du\u017cej ilo\u015bci metr\u00f3w papier toaletowy Maxi Jumbo Papernet jest dedykowany do miejsc o du\u017cym nat\u0119\u017ceniu ruchu, zmniejszaj\u0105c z jednej strony ryzyko nag\u0142ego braku papieru, a z drugiej strony redukuj\u0105c koszty zwi\u0105zane z wymian\u0105 rolki.","product_certifications_id":[12517],"compatible_dispenser_id":[18533,18699],"alternative_products_id":[],"suggested_activities_id":[],"product_ambients_post_id":[],"technical_information_overwrite":"0","technical_information":{"centerfeed":"Empty","food_contact":"Empty","material":"Empty","color":"Empty","package_pack":"Empty","package_delivery_case":"Empty"}},"_links":{"self":[{"href":"https:\/\/www.papernet.com\/pl\/wp-json\/wp\/v2\/product\/18207"}],"collection":[{"href":"https:\/\/www.papernet.com\/pl\/wp-json\/wp\/v2\/product"}],"about":[{"href":"https:\/\/www.papernet.com\/pl\/wp-json\/wp\/v2\/types\/product"}],"wp:attachment":[{"href":"https:\/\/www.papernet.com\/pl\/wp-json\/wp\/v2\/media?parent=18207"}],"curies":[{"name":"wp","href":"https:\/\/api.w.org\/{rel}","templated":true}]}}