{"id":9097,"date":"2022-07-01T20:58:57","date_gmt":"2022-07-01T18:58:57","guid":{"rendered":"https:\/\/www.papernet.com\/?post_type=product&#038;p=9097"},"modified":"2022-07-26T18:33:25","modified_gmt":"2022-07-26T16:33:25","slug":"wipes-fast-clean-419295","status":"publish","type":"product","link":"https:\/\/www.papernet.com\/fr\/les-produits\/essuie-mains-plie\/lingettes-door-tissue\/419295\/","title":{"rendered":"Wipes \u201cFast &#038; Clean\u201d &#8211; 419295"},"featured_media":0,"template":"","meta_box":{"product_label":"Wipes \u201cFast & Clean\u201d","product_data_id":"4630","product_technology_id":"7130","product_line_id":"","product_sub_id":"7594","product_description":"Essuie-tout en papier \u00e0 usage universel, pratiques et rapides, d\u00e9velopp\u00e9s pour nettoyer n\u2019importe quelle surface et parfaits pour tous les environnements, comme les bars, les restaurants, les cuisines professionnelles, les cantines, les bureaux et les h\u00f4pitaux. L\u2019adh\u00e9sif, plac\u00e9 au dos de l\u2019emballage, permet d\u2019associer le produit \u00e0 n\u2019importe quel d\u00e9tergent en spray, tandis que l\u2019ouverture pratique facilite l\u2019extraction de chaque essuie-tout en papier, \u00e9vitant ainsi le gaspillage.","product_certifications_id":[7644,7645],"compatible_dispenser_id":[],"alternative_products_id":[],"suggested_activities_id":[],"product_ambients_post_id":[33435,33439,33430,33432,33451,33450,33446,33444,33443,33402,33395,33391,33386,33411,33407,33406,33422,33421,33473,33470,33467,33462,33465,33463],"technical_information_overwrite":"0","technical_information":{"centerfeed":"Empty","food_contact":"Empty","material":"Empty","color":"Empty","package_pack":"Empty","package_delivery_case":"Empty"}},"_links":{"self":[{"href":"https:\/\/www.papernet.com\/fr\/wp-json\/wp\/v2\/product\/9097"}],"collection":[{"href":"https:\/\/www.papernet.com\/fr\/wp-json\/wp\/v2\/product"}],"about":[{"href":"https:\/\/www.papernet.com\/fr\/wp-json\/wp\/v2\/types\/product"}],"wp:attachment":[{"href":"https:\/\/www.papernet.com\/fr\/wp-json\/wp\/v2\/media?parent=9097"}],"curies":[{"name":"wp","href":"https:\/\/api.w.org\/{rel}","templated":true}]}}