{"id":8963,"date":"2022-07-01T21:15:44","date_gmt":"2022-07-01T19:15:44","guid":{"rendered":"https:\/\/www.papernet.com\/?post_type=product&#038;p=8963"},"modified":"2022-07-26T18:32:53","modified_gmt":"2022-07-26T16:32:53","slug":"papier-toilette-plie-417214","status":"publish","type":"product","link":"https:\/\/www.papernet.com\/fr\/les-produits\/papier-toilette\/papier-toilette-plie\/417214\/","title":{"rendered":"Papier Toilette Pli\u00e9 &#8211; 417214"},"featured_media":0,"template":"","meta_box":{"product_label":"Papier Toilette Pli\u00e9","product_data_id":"4431","product_technology_id":"7129","product_line_id":"","product_sub_id":"7623","product_description":"Le papier toilette Dissolve Tech, doux et r\u00e9sistant comme un papier toilette traditionnel, se dissout, gr\u00e2ce \u00e0 la technologie TWS (Temporary Wet Strength) au contact de l\u2019eau en moins de six secondes, r\u00e9duisant ainsi le risque de bouchage. Il convient particuli\u00e8rement aux avions, aux trains, aux navires de croisi\u00e8re, aux toilettes de camping et \u00e0 tous les secteurs pr\u00e9sentant une infrastructure limit\u00e9e.","product_certifications_id":[7645],"compatible_dispenser_id":[8425,8445,8379],"alternative_products_id":[],"suggested_activities_id":[],"product_ambients_post_id":[],"technical_information_overwrite":"0","technical_information":{"centerfeed":"Empty","food_contact":"Empty","material":"Empty","color":"Empty","package_pack":"Empty","package_delivery_case":"Empty"}},"_links":{"self":[{"href":"https:\/\/www.papernet.com\/fr\/wp-json\/wp\/v2\/product\/8963"}],"collection":[{"href":"https:\/\/www.papernet.com\/fr\/wp-json\/wp\/v2\/product"}],"about":[{"href":"https:\/\/www.papernet.com\/fr\/wp-json\/wp\/v2\/types\/product"}],"wp:attachment":[{"href":"https:\/\/www.papernet.com\/fr\/wp-json\/wp\/v2\/media?parent=8963"}],"curies":[{"name":"wp","href":"https:\/\/api.w.org\/{rel}","templated":true}]}}