{"id":8911,"date":"2022-07-01T21:20:37","date_gmt":"2022-07-01T19:20:37","guid":{"rendered":"https:\/\/www.papernet.com\/?post_type=product&#038;p=8911"},"modified":"2022-07-26T18:32:44","modified_gmt":"2022-07-26T16:32:44","slug":"papier-toilette-maxi-jumbo-401849","status":"publish","type":"product","link":"https:\/\/www.papernet.com\/fr\/les-produits\/papier-toilette\/papier-toilette-maxi-jumbo\/401849\/","title":{"rendered":"Papier Toilette Maxi Jumbo &#8211; 401849"},"featured_media":0,"template":"","meta_box":{"product_label":"Papier Toilette Maxi Jumbo","product_data_id":"4356","product_technology_id":"","product_line_id":"","product_sub_id":"7626","product_description":"Le papier toilette Maxi Jumbo Papernet est l\u2019id\u00e9al, gr\u00e2ce \u00e0 sa longueur remarquable, pour tous les lieux ayant un passage important, en r\u00e9duisant, d\u2019une part, le risque d\u2019\u00e9puisement du papier et, de l\u2019autre, les d\u00e9lais et les frais li\u00e9s au remplacement du rouleau.","product_certifications_id":[7645],"compatible_dispenser_id":[8423,8393],"alternative_products_id":[],"suggested_activities_id":[],"product_ambients_post_id":[],"technical_information_overwrite":"0","technical_information":{"centerfeed":"Empty","food_contact":"Empty","material":"Empty","color":"Empty","package_pack":"Empty","package_delivery_case":"Empty"}},"_links":{"self":[{"href":"https:\/\/www.papernet.com\/fr\/wp-json\/wp\/v2\/product\/8911"}],"collection":[{"href":"https:\/\/www.papernet.com\/fr\/wp-json\/wp\/v2\/product"}],"about":[{"href":"https:\/\/www.papernet.com\/fr\/wp-json\/wp\/v2\/types\/product"}],"wp:attachment":[{"href":"https:\/\/www.papernet.com\/fr\/wp-json\/wp\/v2\/media?parent=8911"}],"curies":[{"name":"wp","href":"https:\/\/api.w.org\/{rel}","templated":true}]}}