{"id":8803,"date":"2022-07-01T21:33:24","date_gmt":"2022-07-01T19:33:24","guid":{"rendered":"https:\/\/www.papernet.com\/?post_type=product&#038;p=8803"},"modified":"2022-07-26T18:32:26","modified_gmt":"2022-07-26T16:32:26","slug":"papier-toilette-407576","status":"publish","type":"product","link":"https:\/\/www.papernet.com\/fr\/les-produits\/papier-toilette\/papier-toilette\/407576\/","title":{"rendered":"Papier Toilette &#8211; 407576"},"featured_media":0,"template":"","meta_box":{"product_label":"Papier Toilette","product_data_id":"4194","product_technology_id":"7128","product_line_id":"","product_sub_id":"7624","product_description":"Le papier toilette Bio Tech est en mesure, gr\u00e2ce \u00e0 la technologie Biologic Active Tissue Paper (BATP), de lutter efficacement et naturellement contre les bact\u00e9ries pathog\u00e8nes, contribuant ainsi au nettoyage des tuyauteries, des syst\u00e8mes d\u2019\u00e9vacuation, des eaux us\u00e9es et des fosses septiques. Ses caract\u00e9ristiques en font l\u2019id\u00e9al pour les environnements ayant un passage important, r\u00e9duisant ainsi le risque de bouchage et les frais li\u00e9s \u00e0 des entretiens extraordinaires.","product_certifications_id":[7645],"compatible_dispenser_id":[8379,8481],"alternative_products_id":[],"suggested_activities_id":[],"product_ambients_post_id":[],"technical_information_overwrite":"0","technical_information":{"centerfeed":"Empty","food_contact":"Empty","material":"Empty","color":"Empty","package_pack":"Empty","package_delivery_case":"Empty"}},"_links":{"self":[{"href":"https:\/\/www.papernet.com\/fr\/wp-json\/wp\/v2\/product\/8803"}],"collection":[{"href":"https:\/\/www.papernet.com\/fr\/wp-json\/wp\/v2\/product"}],"about":[{"href":"https:\/\/www.papernet.com\/fr\/wp-json\/wp\/v2\/types\/product"}],"wp:attachment":[{"href":"https:\/\/www.papernet.com\/fr\/wp-json\/wp\/v2\/media?parent=8803"}],"curies":[{"name":"wp","href":"https:\/\/api.w.org\/{rel}","templated":true}]}}