{"id":8757,"date":"2022-07-01T21:38:04","date_gmt":"2022-07-01T19:38:04","guid":{"rendered":"https:\/\/www.papernet.com\/?post_type=product&#038;p=8757"},"modified":"2022-07-26T18:32:18","modified_gmt":"2022-07-26T16:32:18","slug":"essuie-main-plie-z-401793","status":"publish","type":"product","link":"https:\/\/www.papernet.com\/fr\/les-produits\/essuie-mains-plie\/z-essuie-mains-plie\/401793\/","title":{"rendered":"Essuie-main Pli\u00e9 Z &#8211; 401793"},"featured_media":0,"template":"","meta_box":{"product_label":"Essuie-main Pli\u00e9 Z","product_data_id":"4127","product_technology_id":"","product_line_id":"","product_sub_id":"7591","product_description":"Les essuie-mains pli\u00e9s Papernet repr\u00e9sentent la meilleure solution pour un s\u00e9chage efficace, en contribuant \u00e0 r\u00e9duire la prolif\u00e9ration des germes et des bact\u00e9ries sur les mains et en \u00e9vitant la dispersion dans l\u2019environnement circonstant. Les diff\u00e9rentes typologies de feuilles avec pliage enchev\u00eatr\u00e9 satisfont \u00e0 toutes les exigences, en r\u00e9duisant au minimum le gaspillage et l\u2019incidence sur l\u2019environnement.","product_certifications_id":[7645],"compatible_dispenser_id":[8435,8449,8443,8427],"alternative_products_id":[],"suggested_activities_id":[],"product_ambients_post_id":[],"technical_information_overwrite":"0","technical_information":{"centerfeed":"Empty","food_contact":"Empty","material":"Empty","color":"Empty","package_pack":"Empty","package_delivery_case":"Empty"}},"_links":{"self":[{"href":"https:\/\/www.papernet.com\/fr\/wp-json\/wp\/v2\/product\/8757"}],"collection":[{"href":"https:\/\/www.papernet.com\/fr\/wp-json\/wp\/v2\/product"}],"about":[{"href":"https:\/\/www.papernet.com\/fr\/wp-json\/wp\/v2\/types\/product"}],"wp:attachment":[{"href":"https:\/\/www.papernet.com\/fr\/wp-json\/wp\/v2\/media?parent=8757"}],"curies":[{"name":"wp","href":"https:\/\/api.w.org\/{rel}","templated":true}]}}