{"id":8721,"date":"2022-07-01T21:42:39","date_gmt":"2022-07-01T19:42:39","guid":{"rendered":"https:\/\/www.papernet.com\/?post_type=product&#038;p=8721"},"modified":"2022-07-26T18:32:13","modified_gmt":"2022-07-26T16:32:13","slug":"essuie-main-plie-v-411169","status":"publish","type":"product","link":"https:\/\/www.papernet.com\/fr\/les-produits\/essuie-mains-plie\/v-essuie-mains-plie\/411169\/","title":{"rendered":"Essuie-main Pli\u00e9 V &#8211; 411169"},"featured_media":0,"template":"","meta_box":{"product_label":"Essuie-main Pli\u00e9 V","product_data_id":"4075","product_technology_id":"7129","product_line_id":"","product_sub_id":"7590","product_description":"Les essuie-mains pli\u00e9s Dissolve Tech garantissent, gr\u00e2ce \u00e0 leur technologie exclusive TWS (Temporary Wet Strength), une haute r\u00e9sistance accompagn\u00e9e d\u2019une grande capacit\u00e9 d\u2019absorption de l\u2019eau. L\u2019id\u00e9al pour les lieux ayant un passage important, s\u2019ils sont jet\u00e9s dans les toilettes, ils se dissolvent en moins de trois minutes, comme un papier toilette traditionnel.","product_certifications_id":[7644,7645],"compatible_dispenser_id":[8417,8391],"alternative_products_id":[],"suggested_activities_id":[],"product_ambients_post_id":[33377,33367,33365],"technical_information_overwrite":"0","technical_information":{"centerfeed":"Empty","food_contact":"Empty","material":"Empty","color":"Empty","package_pack":"Empty","package_delivery_case":"Empty"}},"_links":{"self":[{"href":"https:\/\/www.papernet.com\/fr\/wp-json\/wp\/v2\/product\/8721"}],"collection":[{"href":"https:\/\/www.papernet.com\/fr\/wp-json\/wp\/v2\/product"}],"about":[{"href":"https:\/\/www.papernet.com\/fr\/wp-json\/wp\/v2\/types\/product"}],"wp:attachment":[{"href":"https:\/\/www.papernet.com\/fr\/wp-json\/wp\/v2\/media?parent=8721"}],"curies":[{"name":"wp","href":"https:\/\/api.w.org\/{rel}","templated":true}]}}