{"id":8613,"date":"2022-07-01T21:56:52","date_gmt":"2022-07-01T19:56:52","guid":{"rendered":"https:\/\/www.papernet.com\/?post_type=product&#038;p=8613"},"modified":"2022-07-26T18:31:47","modified_gmt":"2022-07-26T16:31:47","slug":"bobine-industrielle-404260","status":"publish","type":"product","link":"https:\/\/www.papernet.com\/fr\/les-produits\/essuyage-industriel\/bobine-industrielle\/404260\/","title":{"rendered":"Bobine industrielle &#8211; 404260"},"featured_media":0,"template":"","meta_box":{"product_label":"Bobine industrielle","product_data_id":"3917","product_technology_id":"","product_line_id":"","product_sub_id":"7619","product_description":"Les bobines industrielles Papernet sont, gr\u00e2ce \u00e0 leur grande capacit\u00e9 d\u2019absorption, particuli\u00e8rement indiqu\u00e9es pour les lieux de travail qui requi\u00e8rent un nettoyage approfondi et quotidien.","product_certifications_id":[7645],"compatible_dispenser_id":[8411,8489,8409],"alternative_products_id":[],"suggested_activities_id":[],"product_ambients_post_id":[],"technical_information_overwrite":"0","technical_information":{"centerfeed":"Empty","food_contact":"Empty","material":"Empty","color":"Empty","package_pack":"Empty","package_delivery_case":"Empty"}},"_links":{"self":[{"href":"https:\/\/www.papernet.com\/fr\/wp-json\/wp\/v2\/product\/8613"}],"collection":[{"href":"https:\/\/www.papernet.com\/fr\/wp-json\/wp\/v2\/product"}],"about":[{"href":"https:\/\/www.papernet.com\/fr\/wp-json\/wp\/v2\/types\/product"}],"wp:attachment":[{"href":"https:\/\/www.papernet.com\/fr\/wp-json\/wp\/v2\/media?parent=8613"}],"curies":[{"name":"wp","href":"https:\/\/api.w.org\/{rel}","templated":true}]}}