{"id":8573,"date":"2022-07-01T22:01:31","date_gmt":"2022-07-01T20:01:31","guid":{"rendered":"https:\/\/www.papernet.com\/?post_type=product&#038;p=8573"},"modified":"2025-07-25T12:38:50","modified_gmt":"2025-07-25T10:38:50","slug":"essuie-main-en-rouleau-autocut-406476","status":"publish","type":"product","link":"https:\/\/www.papernet.com\/fr\/les-produits\/essuie-mains-en-rouleaux\/essuie-mains-rouleau-a-decoupe-automatique\/406476\/","title":{"rendered":"Essuie-main en Rouleau Autocut &#8211; 406476"},"featured_media":0,"template":"","meta_box":{"product_label":"Essuie-main en Rouleau Autocut","product_data_id":"3857","product_technology_id":"7126","product_line_id":"","product_sub_id":"7621","product_description":"<p>Gr\u00e2ce au processus de production in\u00e9dit et exclusif, les essuie-mains en rouleau Dry Tech offrent une capacit\u00e9 d\u2019absorption et de r\u00e9sistance \u00e9lev\u00e9es par rapport au papier traditionnel, en en faisant l\u2019id\u00e9al pour tous les lieux de travail de type industriel.<\/p>\n","product_certifications_id":[7645],"compatible_dispenser_id":[8485],"alternative_products_id":[],"suggested_activities_id":[],"product_ambients_post_id":[],"technical_information_overwrite":"0","technical_information":{"centerfeed":"Empty","food_contact":"Empty","material":"Empty","color":"Empty","package_pack":"Empty","package_delivery_case":"Empty"}},"_links":{"self":[{"href":"https:\/\/www.papernet.com\/fr\/wp-json\/wp\/v2\/product\/8573"}],"collection":[{"href":"https:\/\/www.papernet.com\/fr\/wp-json\/wp\/v2\/product"}],"about":[{"href":"https:\/\/www.papernet.com\/fr\/wp-json\/wp\/v2\/types\/product"}],"wp:attachment":[{"href":"https:\/\/www.papernet.com\/fr\/wp-json\/wp\/v2\/media?parent=8573"}],"curies":[{"name":"wp","href":"https:\/\/api.w.org\/{rel}","templated":true}]}}