{"id":8533,"date":"2022-07-01T22:04:12","date_gmt":"2022-07-01T20:04:12","guid":{"rendered":"https:\/\/www.papernet.com\/?post_type=product&#038;p=8533"},"modified":"2022-07-26T18:31:35","modified_gmt":"2022-07-26T16:31:35","slug":"essuie-main-en-rouleau-centrefeed-418698","status":"publish","type":"product","link":"https:\/\/www.papernet.com\/fr\/les-produits\/essuie-mains-en-rouleaux\/essuie-mains-rouleau-a-devidage-central\/418698\/","title":{"rendered":"Essuie-main en Rouleau Centrefeed &#8211; 418698"},"featured_media":0,"template":"","meta_box":{"product_label":"Essuie-main en Rouleau Centrefeed","product_data_id":"3797","product_technology_id":"","product_line_id":"","product_sub_id":"7620","product_description":"Les essuie-mains en rouleau Papernet \u00e0 d\u00e9vidage central r\u00e9duisent le co\u00fbt d\u2019utilisation en ce que les distributeurs pr\u00e9vus \u00e0 cet effet ne permettent de pr\u00e9lever qu\u2019un essuie-mains, \u00e9vitant ainsi les gaspillages. Leurs caract\u00e9ristiques en font l\u2019id\u00e9al pour assurer propret\u00e9 et hygi\u00e8ne \u00e0 tous les environnements professionnels.","product_certifications_id":[],"compatible_dispenser_id":[8419,8399,8455],"alternative_products_id":[],"suggested_activities_id":[],"product_ambients_post_id":[],"technical_information_overwrite":"0","technical_information":{"centerfeed":"Empty","food_contact":"Empty","material":"Empty","color":"Empty","package_pack":"Empty","package_delivery_case":"Empty"}},"_links":{"self":[{"href":"https:\/\/www.papernet.com\/fr\/wp-json\/wp\/v2\/product\/8533"}],"collection":[{"href":"https:\/\/www.papernet.com\/fr\/wp-json\/wp\/v2\/product"}],"about":[{"href":"https:\/\/www.papernet.com\/fr\/wp-json\/wp\/v2\/types\/product"}],"wp:attachment":[{"href":"https:\/\/www.papernet.com\/fr\/wp-json\/wp\/v2\/media?parent=8533"}],"curies":[{"name":"wp","href":"https:\/\/api.w.org\/{rel}","templated":true}]}}