{"id":21046,"date":"2023-03-09T10:56:00","date_gmt":"2023-03-09T09:56:00","guid":{"rendered":"https:\/\/www.papernet.com\/?post_type=product&#038;p=21046"},"modified":"2023-05-22T22:01:49","modified_gmt":"2023-05-22T20:01:49","slug":"papier-toilette-mini-jumbo-420927","status":"publish","type":"product","link":"https:\/\/www.papernet.com\/fr\/les-produits\/papier-toilette\/papier-toilette-mini-jumbo\/420927\/","title":{"rendered":"Papier Toilette Mini Jumbo &#8211; 420927"},"featured_media":0,"template":"","meta_box":{"product_label":"Papier Toilette Mini Jumbo","product_data_id":"20708","product_technology_id":"","product_line_id":"21647","product_sub_id":"7625","product_description":"<p>Le papier toilette Mini Jumbo de la gamme Simplify, gr\u00e2ce \u00e0 ses dimensions, est parfait pour les petits espaces \u00e0 grande affluence. Cette particularit\u00e9 permet d'optimiser les co\u00fbts et de r\u00e9duire le risque de se retrouver sans papier. Tout cela avec la m\u00eame attention pour le respect de l'environnement, garanti par un produit neutre en carbone.<\/p>\n","product_certifications_id":[7644,7645],"compatible_dispenser_id":[22928],"alternative_products_id":[],"suggested_activities_id":[],"product_ambients_post_id":[],"technical_information_overwrite":"0","technical_information":{"centerfeed":"Empty","food_contact":"Empty","material":"Empty","color":"Empty","package_pack":"Empty","package_delivery_case":"Empty"}},"_links":{"self":[{"href":"https:\/\/www.papernet.com\/fr\/wp-json\/wp\/v2\/product\/21046"}],"collection":[{"href":"https:\/\/www.papernet.com\/fr\/wp-json\/wp\/v2\/product"}],"about":[{"href":"https:\/\/www.papernet.com\/fr\/wp-json\/wp\/v2\/types\/product"}],"wp:attachment":[{"href":"https:\/\/www.papernet.com\/fr\/wp-json\/wp\/v2\/media?parent=21046"}],"curies":[{"name":"wp","href":"https:\/\/api.w.org\/{rel}","templated":true}]}}