{"id":20829,"date":"2023-03-02T17:10:22","date_gmt":"2023-03-02T16:10:22","guid":{"rendered":"https:\/\/www.papernet.com\/?post_type=product&#038;p=20829"},"modified":"2023-05-22T22:03:56","modified_gmt":"2023-05-22T20:03:56","slug":"papier-toilette-maxi-jumbo-420928","status":"publish","type":"product","link":"https:\/\/www.papernet.com\/fr\/les-produits\/papier-toilette\/papier-toilette-maxi-jumbo\/420928\/","title":{"rendered":"Papier Toilette Maxi Jumbo &#8211; 420928"},"featured_media":0,"template":"","meta_box":{"product_label":"Papier Toilette Maxi Jumbo","product_data_id":"20707","product_technology_id":"","product_line_id":"21647","product_sub_id":"7626","product_description":"<p>Le papier toilette Maxi Jumbo de la gamme Simplify poss\u00e8de une longueur id\u00e9ale qui lui permet de durer plus longtemps, en r\u00e9duisant d'une part le risque de se retrouver sans papier, de l'autre les temps et les co\u00fbts li\u00e9s au remplacement du rouleau. Tout cela avec la m\u00eame attention pour le respect de l'environnement, garanti par un produit neutre en carbone.<\/p>\n","product_certifications_id":[7644,7645],"compatible_dispenser_id":[22928],"alternative_products_id":[],"suggested_activities_id":[],"product_ambients_post_id":[],"technical_information_overwrite":"0","technical_information":{"centerfeed":"Empty","food_contact":"Empty","material":"Empty","color":"Empty","package_pack":"Empty","package_delivery_case":"Empty"}},"_links":{"self":[{"href":"https:\/\/www.papernet.com\/fr\/wp-json\/wp\/v2\/product\/20829"}],"collection":[{"href":"https:\/\/www.papernet.com\/fr\/wp-json\/wp\/v2\/product"}],"about":[{"href":"https:\/\/www.papernet.com\/fr\/wp-json\/wp\/v2\/types\/product"}],"wp:attachment":[{"href":"https:\/\/www.papernet.com\/fr\/wp-json\/wp\/v2\/media?parent=20829"}],"curies":[{"name":"wp","href":"https:\/\/api.w.org\/{rel}","templated":true}]}}