{"id":7669,"date":"2021-12-21T16:14:56","date_gmt":"2021-12-21T16:14:56","guid":{"rendered":"https:\/\/www.papernet.com\/contatti\/"},"modified":"2023-03-08T16:30:34","modified_gmt":"2023-03-08T15:30:34","slug":"contatti","status":"publish","type":"page","link":"https:\/\/www.papernet.com\/fr\/contactez-nous\/","title":{"rendered":"Contactez nous"},"content":{"rendered":"<div class=\"half-color-background-block-content\" style=\"background: linear-gradient(#110F41 33%, transparent 33%);\">  \n    <div class=\"container-fluid container-lg\">        \n        <div class=\"row\">\n            <div class=\"col-12\">\n                <div class=\"content-wrapper d-none d-lg-block\" style=\"border-bottom: 4px solid #110F41;\">\n                    <div class=\"row\">\n                        <div class=\"col-5\">\n                            <div class=\"text-wrapper d-flex align-items-center justify-content-center h-100\">\n                                <div class=\"row\">\n                                    <div class=\"col-10 mx-auto\">\n                                        <div class=\"title\">\n                                            <h1>Comment pouvons-nous vous \u00eatre utiles ?<\/h1>\n                                        <\/div>\n                                        <div class=\"subtitle\">\n                                            <p><p>Demandez des renseignements et une assistance sur les produits Papernet.<\/p>\n<\/p>\n                                        <\/div>\n                                    <\/div>\n                                <\/div>\n                            <\/div>\n                        <\/div>\n                        <div class=\"col-7\">\n                            <div class=\"image-wrapper h-100\">\n                                <div class=\"product-image position-relative\">\n                                                                                                                        <img width=\"1024\" height=\"676\" src=\"https:\/\/www.papernet.com\/wp-content\/uploads\/2021\/12\/contatti-index@2x-2-1024x676.png\" class=\"img-fluid img-cover h-100 w-100\" alt=\"\" loading=\"lazy\" srcset=\"https:\/\/www.papernet.com\/wp-content\/uploads\/2021\/12\/contatti-index@2x-2-1024x676.png 1024w, https:\/\/www.papernet.com\/wp-content\/uploads\/2021\/12\/contatti-index@2x-2-300x198.png 300w, https:\/\/www.papernet.com\/wp-content\/uploads\/2021\/12\/contatti-index@2x-2-768x507.png 768w, https:\/\/www.papernet.com\/wp-content\/uploads\/2021\/12\/contatti-index@2x-2-1536x1014.png 1536w, https:\/\/www.papernet.com\/wp-content\/uploads\/2021\/12\/contatti-index@2x-2.png 1611w\" \/>                                                                                                                <\/div>\n                            <\/div>\n                        <\/div>\n                    <\/div>\n                <\/div>\n                <div class=\"content-wrapper-mobile d-block d-lg-none\" style=\"border-bottom: 4px solid #110F41;\">\n                    <div class=\"row\">\n                        <div class=\"col-12\">\n                            <div class=\"image-wrapper h-100\">\n                                <div class=\"product-image position-relative\">\n                                                                                                                        <img width=\"1024\" height=\"676\" src=\"https:\/\/www.papernet.com\/wp-content\/uploads\/2021\/12\/contatti-index@2x-2-1024x676.png\" class=\"img-fluid img-cover h-100 w-100\" alt=\"\" loading=\"lazy\" srcset=\"https:\/\/www.papernet.com\/wp-content\/uploads\/2021\/12\/contatti-index@2x-2-1024x676.png 1024w, https:\/\/www.papernet.com\/wp-content\/uploads\/2021\/12\/contatti-index@2x-2-300x198.png 300w, https:\/\/www.papernet.com\/wp-content\/uploads\/2021\/12\/contatti-index@2x-2-768x507.png 768w, https:\/\/www.papernet.com\/wp-content\/uploads\/2021\/12\/contatti-index@2x-2-1536x1014.png 1536w, https:\/\/www.papernet.com\/wp-content\/uploads\/2021\/12\/contatti-index@2x-2.png 1611w\" \/>                                                                                                                <\/div>\n                            <\/div>\n                        <\/div>\n                        <div class=\"col-10 mx-auto mt-5\">\n                            <div class=\"text-wrapper\">\n                                <div class=\"title\">\n                                    <h1>Comment pouvons-nous vous \u00eatre utiles ?<\/h1>\n                                <\/div>\n                                <div class=\"subtitle\">\n                                    <p><p>Demandez des renseignements et une assistance sur les produits Papernet.<\/p>\n<\/p>\n                                <\/div>\n                            <\/div>\n                        <\/div>\n                    <\/div>\n                <\/div>\n            <\/div>\n        <\/div>\n    <\/div>    \n        <div class=\"container-fluid container-lg mt-3\">\n        <div class=\"row\">\n            <div class=\"col-12\">\n                <div class=\"breadcrumb-wrapper d-lg-flex d-none d-flex align-items-center justify-content-start\">\n                                            <a class=\"ps-0\" href=\"https:\/\/www.papernet.com\/fr\/\"><i class=\"far fa-home\"><\/i><\/a>\n                                                                                                                                                                                                                    &raquo;<p class=\"m-0\">Contactez nous<\/p>\n                                                            <\/div>\n            <\/div>\n        <\/div>\n    <\/div>\n<\/div>\n\n\n<input type=\"hidden\" id=\"_wpnonce\" name=\"_wpnonce\" value=\"5ca6c6c32e\" \/><input type=\"hidden\" name=\"_wp_http_referer\" value=\"\/fr\/wp-json\/wp\/v2\/pages\/7669\" \/>    <div id=\"papernet-contact-us-form-wrapper\" class=\"container-fluid container-lg\">\r\n        <div class=\"row\">\r\n            <div class=\"col-10 mx-auto my-40\">\r\n                <div class=\"title\">\r\n                    <h1>Remplir le formulaire<\/h1>                                    <\/div>\r\n            <\/div>\r\n            <div class=\"col-12\">\r\n                <div class=\"outer-form-wrapper d-flex justify-content-center align-items-center\">\r\n                    <div class=\"inner-wrapper w-100\">\r\n                        <form id=\"papernet-contact-form\" action=\"\" method=\"POST\">\r\n                            <script type=\"text\/javascript\">\r\n                                var onloadCallback = function() {\r\n                                    grecaptcha.render('html_element', {\r\n                                        'sitekey': '6LcoDrIZAAAAAKL70eW_t6Esd-1ui3gfyCyVyXzq'\r\n                                    });\r\n                                };\r\n                            <\/script>\r\n                            <input type=\"hidden\" id=\"_wpnonce\" name=\"_wpnonce\" value=\"5ca6c6c32e\" \/><input type=\"hidden\" name=\"_wp_http_referer\" value=\"\/fr\/wp-json\/wp\/v2\/pages\/7669\" \/>                            <input type=\"hidden\" id=\"general-mail\" name=\"general-mail\" value=\"contact@papernet.com\" \/>\r\n                            <input type=\"hidden\" id=\"contacts-thankyou-page\" name=\"thankyou-page\" value=\"https:\/\/www.papernet.com\/fr\/thank-you-page\/\" \/>\r\n                            <div class=\"select-submitter\">\r\n                                <h4><\/h4>\r\n                            <\/div>\r\n                            <!--\r\n                            <div id=\"destination-country\" class=\"destination-country row d-none\">\r\n                                <div class=\"input-wrapper col-12 col-lg-6\">\r\n                                    <label for=\"destination_country\" class=\"label-style\"><\/label>\r\n                                    <div class=\"select-wrapper fas w-100\">\r\n                                        <select class=\"input-style w-100\" id=\"destination_country\" name=\"destination_country\">\r\n                                            <option selected disabled><\/option>\r\n                                                                                            <option value=\"\"><\/option>\r\n                                                                                    <\/select>\r\n                                    <\/div>\r\n                                <\/div>\r\n                            <\/div>\r\n                            -->\r\n                            <div class=\"form\">\r\n                                <div class=\"row\">\r\n                                    <div class=\"col-12 col-lg-6\">\r\n                                        <div class=\"input-wrapper\">\r\n                                            <label for=\"name\" class=\"label-style\">Nom*<\/label>\r\n                                            <input class=\"input-style w-100\" type=\"text\" id=\"name\" name=\"name\" \/>\r\n                                        <\/div>\r\n                                    <\/div>\r\n                                    <div class=\"col-12 col-lg-6\">\r\n                                        <div class=\"input-wrapper\">\r\n                                            <label for=\"surname\" class=\"label-style\">Pr\u00e9nom*<\/label>\r\n                                            <input class=\"input-style w-100\" type=\"text\" id=\"surname\" name=\"surname\" \/>\r\n                                        <\/div>\r\n                                    <\/div>\r\n                                    <div class=\"col-12 col-lg-6\">\r\n                                        <div class=\"input-wrapper\">\r\n                                            <label for=\"email\" class=\"label-style\">Adresse e-mail*<\/label>\r\n                                            <input class=\"input-style w-100\" type=\"email\" id=\"email\" name=\"email\" \/>\r\n                                        <\/div>\r\n                                    <\/div>\r\n                                    <div class=\"col-12 col-lg-6\">\r\n                                        <div class=\"input-wrapper\">\r\n                                            <label for=\"email_confirm\" class=\"label-style\">Confirmation mail*<\/label>\r\n                                            <input class=\"input-style w-100\" type=\"email\" id=\"email_confirm\" name=\"email_confirm\" \/>\r\n                                        <\/div>\r\n                                    <\/div>\r\n\r\n                                    <div class=\"col-12 col-lg-6\">\r\n                                        <div class=\"input-wrapper\">\r\n                                            <label for=\"social_reason\" class=\"label-style\">Raison sociale*<\/label>\r\n                                            <input class=\"input-style w-100\" type=\"text\" id=\"social_reason\" name=\"social_reason\" \/>\r\n                                        <\/div>\r\n                                    <\/div>\r\n                                    <!--<div class=\"col-12 col-lg-6\">\r\n                                        <div class=\"input-wrapper\">\r\n                                            <label for=\"membership_sector\" class=\"label-style\"><\/label>\r\n                                            <div class=\"select-wrapper fas w-100\">\r\n                                                <select class=\"input-style w-100\" id=\"membership_sector\" name=\"membership_sector\">\r\n                                                    <option selected disabled><\/option>\r\n                                                                                                            <option value=\"\"><\/option>\r\n                                                                                                    <\/select>\r\n                                            <\/div>\r\n                                        <\/div>\r\n                                    <\/div>-->\r\n                                    <div class=\"col-12 col-lg-6\">\r\n                                        <div class=\"input-wrapper\">\r\n                                            <label for=\"telephone\" class=\"label-style\">T\u00e9l\u00e9phone*<\/label>\r\n                                            <input class=\"input-style w-100\" type=\"text\" id=\"telephone\" name=\"telephone\" \/>\r\n                                        <\/div>\r\n                                    <\/div>\r\n                                    <div class=\"col-12 col-lg-6\">\r\n                                        <div class=\"input-wrapper\">\r\n                                            <label for=\"country\" class=\"label-style\">Nation*<\/label>\r\n                                            <input class=\"input-style w-100\" type=\"text\" id=\"country\" name=\"country\" \/>\r\n                                        <\/div>\r\n                                    <\/div>\r\n                                    <div class=\"col-12 col-lg-6\">\r\n                                        <div class=\"input-wrapper\">\r\n                                            <label for=\"zip_code\" class=\"label-style\">Code Postal*<\/label>\r\n                                            <input class=\"input-style w-100\" id=\"zip_code\" name=\"zip_code\" \/>\r\n                                        <\/div>\r\n                                    <\/div>\r\n                                    <div class=\"col-12 col-lg-6\">\r\n                                        <div class=\"input-wrapper\">\r\n                                            <label for=\"city\" class=\"label-style\">Ville*<\/label>\r\n                                            <input class=\"input-style w-100\" type=\"text\" id=\"city\" name=\"city\" \/>\r\n                                        <\/div>\r\n                                    <\/div>\r\n                                    <div class=\"col-12 col-lg-6\">\r\n                                        <div class=\"input-wrapper\">\r\n                                            <label for=\"province\" class=\"label-style\">Province*<\/label>\r\n                                            <input class=\"input-style w-100\" type=\"text\" id=\"province\" name=\"province\" \/>\r\n                                        <\/div>\r\n                                    <\/div>\r\n                                    <div class=\"col-12\">\r\n                                        <div class=\"input-wrapper\">\r\n                                            <label for=\"sector\" class=\"label-style\">Secteur<\/label>\r\n\r\n                                            <div class=\"select-wrapper fas w-100\">\r\n                                                <select class=\"input-style w-100\" id=\"sector\" name=\"sector\">\r\n                                                    <option selected disabled>Choisissez un secteur<\/option>\r\n                                                    <option value=\"HO.RE.CA\">HO.RE.CA<\/option>\r\n                                                    <option value=\"Industry\">Industrie<\/option>\r\n                                                    <option value=\"Healthcare\">Healthcare<\/option>\r\n                                                    <option value=\"Other\">Autre<\/option>\r\n                                                <\/select>\r\n                                            <\/div>\r\n                                        <\/div>\r\n                                    <\/div>\r\n                                    <div class=\"col-12 col-lg-12\">\r\n                                        <div class=\"input-wrapper\">\r\n                                            <label for=\"message\" class=\"label-style\">Message*<\/label>\r\n                                            <textarea class=\"input-style textarea-height w-100\" id=\"message\" name=\"message\"><\/textarea>\r\n                                        <\/div>\r\n                                    <\/div>\r\n                                    <div class=\"col-12\">\r\n                                        <p>Les champs marqu\u00e9s d&#8217;un * sont obligatoires.<\/p>\r\n                                    <\/div>\r\n                                <\/div>\r\n                            <\/div>\r\n                            <div class=\"ending-wrapper\">\r\n                                <p><i><strong>Souhaitez-vous recevoir des informations sur nos produits et des offres personnalis\u00e9es ?<\/strong>\n<br>\n<br>\nEn <strong>consentant au traitement de vos donn\u00e9es<\/strong>, vous ferez partie de notre communaut\u00e9 et recevrez de nombreux avantages exclusifs communications personnalis\u00e9es, tests en avant-premi\u00e8re des nouveaux produits et invitations \u00e0 nos \u00e9v\u00e9nements. Vous pouvez annuler votre inscription \u00e0 tout moment.\n<br>\n<br>\nLien la politique de <a href=\"\/fr\/politique-de-confidentialite\/\" target=\"_blank\">confidentialit\u00e9<\/a><\/i>.\n<br>\n<br><\/p>\r\n                                <div class=\"second-agreement\">\r\n                                    <div class=\"input-wrapper\">\r\n                                        <input type=\"checkbox\" id=\"marketing-checkbox\" name=\"marketing-checkbox\" value=\"true\" \/>\r\n                                        <label for=\"marketing-checkbox\" class=\"ms-2\"><i>Oui, <\/i><\/label>\r\n                                    <\/div>\r\n                                    <p><i>je consens \u00e0 recevoir des offres sp\u00e9ciales, des r\u00e9ductions et \u00eatre inform\u00e9(e) sur nos promotions et nouveaut\u00e9s (article 3, d de la Politique de confidentialit\u00e9).<\/i><\/p>\r\n                                <\/div>\r\n                                <div class=\"third-agreement\">\r\n                                    <div class=\"input-wrapper\">\r\n                                        <input type=\"checkbox\" id=\"analyse-checkbox\" name=\"analyse-checkbox\" value=\"true\" \/>\r\n                                        <label for=\"analyse-checkbox\" class=\"ms-2\"><i>Oui, <\/i><\/label>\r\n                                    <\/div>\r\n                                    <p><i>je consens au traitement de mes donn\u00e9es personnelles dans le but d&#8217;analyser mes choix d&#8217;achat et mes pr\u00e9f\u00e9rences comportementales, afin de recevoir des offres commerciales et des communications personnalis\u00e9es, et en g\u00e9n\u00e9ral pour des activit\u00e9s de profilage. (article 3, e de la Politique de confidentialit\u00e9)<\/i>\n<br>\n<br><\/p>\r\n                                <\/div>\r\n                                <div id=\"html_element\" class=\"mb-3\"><\/div>\r\n                                <div class=\"submit-wrapper\">\r\n                                    <input id=\"papernet-contact-submit\" type=\"submit\" value=\"Envoyer\" name=\"submit\">\r\n                                <\/div>\r\n                            <\/div>\r\n                        <\/form>\r\n                        <script src=\"https:\/\/www.google.com\/recaptcha\/api.js?onload=onloadCallback&#038;render=explicit\" async defer>\r\n                        <\/script>\r\n                    <\/div>\r\n                <\/div>\r\n            <\/div>\r\n        <\/div>\r\n    <\/div>\r\n\n\n\n<p><\/p>\n","protected":false},"excerpt":{"rendered":"","protected":false},"author":4,"featured_media":0,"parent":0,"menu_order":0,"comment_status":"closed","ping_status":"closed","template":"","meta":[],"meta_box":[],"_links":{"self":[{"href":"https:\/\/www.papernet.com\/fr\/wp-json\/wp\/v2\/pages\/7669"}],"collection":[{"href":"https:\/\/www.papernet.com\/fr\/wp-json\/wp\/v2\/pages"}],"about":[{"href":"https:\/\/www.papernet.com\/fr\/wp-json\/wp\/v2\/types\/page"}],"author":[{"embeddable":true,"href":"https:\/\/www.papernet.com\/fr\/wp-json\/wp\/v2\/users\/4"}],"replies":[{"embeddable":true,"href":"https:\/\/www.papernet.com\/fr\/wp-json\/wp\/v2\/comments?post=7669"}],"version-history":[{"count":9,"href":"https:\/\/www.papernet.com\/fr\/wp-json\/wp\/v2\/pages\/7669\/revisions"}],"predecessor-version":[{"id":21486,"href":"https:\/\/www.papernet.com\/fr\/wp-json\/wp\/v2\/pages\/7669\/revisions\/21486"}],"wp:attachment":[{"href":"https:\/\/www.papernet.com\/fr\/wp-json\/wp\/v2\/media?parent=7669"}],"curies":[{"name":"wp","href":"https:\/\/api.w.org\/{rel}","templated":true}]}}