{"id":26966,"date":"2024-06-17T09:40:16","date_gmt":"2024-06-17T07:40:16","guid":{"rendered":"https:\/\/www.papernet.com\/?post_type=product&#038;p=26966"},"modified":"2024-06-17T09:40:57","modified_gmt":"2024-06-17T07:40:57","slug":"papel-higienico-mini-jumbo-centrefeed-422416","status":"publish","type":"product","link":"https:\/\/www.papernet.com\/es\/los-productos\/papel-higienico\/papel-higienico-mini-jumbo\/422416\/","title":{"rendered":"Papel Higi\u00e9nico Mini Jumbo Centrefeed &#8211; 422416"},"featured_media":0,"template":"","meta_box":{"product_label":"Papel Higi\u00e9nico Mini Jumbo Centrefeed","product_data_id":"25677","product_technology_id":"","product_line_id":"","product_sub_id":"10511","product_description":"<p>Gracias a sus dimensiones, el papel higi\u00e9nico Mini Jumbo Centrefeed es perfecto para espacios peque\u00f1os con gran afluencia de p\u00fablico. Esta caracter\u00edstica permite optimizar los costes y reducir el riesgo de que se agote.<\/p>\n","product_certifications_id":[10548,10549],"compatible_dispenser_id":[],"alternative_products_id":[],"suggested_activities_id":[],"product_ambients_post_id":[],"technical_information_overwrite":"0","technical_information":{"centerfeed":"Empty","food_contact":"Empty","material":"Empty","color":"Empty","package_pack":"Empty","package_delivery_case":"Empty"}},"_links":{"self":[{"href":"https:\/\/www.papernet.com\/es\/wp-json\/wp\/v2\/product\/26966"}],"collection":[{"href":"https:\/\/www.papernet.com\/es\/wp-json\/wp\/v2\/product"}],"about":[{"href":"https:\/\/www.papernet.com\/es\/wp-json\/wp\/v2\/types\/product"}],"wp:attachment":[{"href":"https:\/\/www.papernet.com\/es\/wp-json\/wp\/v2\/media?parent=26966"}],"curies":[{"name":"wp","href":"https:\/\/api.w.org\/{rel}","templated":true}]}}