{"id":26645,"date":"2024-05-24T15:52:00","date_gmt":"2024-05-24T13:52:00","guid":{"rendered":"https:\/\/www.papernet.com\/product\/dispenser-carta-igienica-interfogliata-421808\/"},"modified":"2024-05-24T17:24:11","modified_gmt":"2024-05-24T15:24:11","slug":"dispenser-carta-igienica-interfogliata-421808","status":"publish","type":"product","link":"https:\/\/www.papernet.com\/es\/los-productos\/dispensadores\/dispensador-papel-higienico\/421808\/","title":{"rendered":"Dispensador Papel Higi\u00e9nico Engarzado &#8211; 421808"},"featured_media":0,"template":"","meta_box":{"product_label":"Dispensador Papel Higi\u00e9nico Engarzado","product_data_id":"26616","product_technology_id":"","product_line_id":"26628","product_sub_id":"10538","product_description":"<p>Alegres y divertidos, los nuevos dispensadores de la l\u00ednea Papernet Kids dan color al cuarto de ba\u00f1o de los m\u00e1s peque\u00f1os. F\u00e1ciles de recargar, higi\u00e9nicos y con un dise\u00f1o compacto, representan la soluci\u00f3n ideal para garantizar un entorno limpio, ordenado y colorido.<\/p>\n","product_certifications_id":[],"compatible_dispenser_id":[],"alternative_products_id":[],"suggested_activities_id":[],"product_ambients_post_id":[],"technical_information_overwrite":"0","technical_information":{"centerfeed":"Empty","food_contact":"Empty","material":"Empty","color":"Empty","package_pack":"Empty","package_delivery_case":"Empty"}},"_links":{"self":[{"href":"https:\/\/www.papernet.com\/es\/wp-json\/wp\/v2\/product\/26645"}],"collection":[{"href":"https:\/\/www.papernet.com\/es\/wp-json\/wp\/v2\/product"}],"about":[{"href":"https:\/\/www.papernet.com\/es\/wp-json\/wp\/v2\/types\/product"}],"wp:attachment":[{"href":"https:\/\/www.papernet.com\/es\/wp-json\/wp\/v2\/media?parent=26645"}],"curies":[{"name":"wp","href":"https:\/\/api.w.org\/{rel}","templated":true}]}}