{"id":26418,"date":"2024-05-27T12:34:30","date_gmt":"2024-05-27T10:34:30","guid":{"rendered":"https:\/\/www.papernet.com\/?post_type=product&#038;p=26418"},"modified":"2024-05-28T12:07:39","modified_gmt":"2024-05-28T10:07:39","slug":"rollo-de-toallas-centrefeed-422426","status":"publish","type":"product","link":"https:\/\/www.papernet.com\/es\/los-productos\/secamanos-en-rollo\/rollo-secamanos-de-dispensacion-central\/422426\/","title":{"rendered":"Rollo de Toallas Centrefeed &#8211; 422426"},"featured_media":0,"template":"","meta_box":{"product_label":"Rollo de Toallas Centrefeed","product_data_id":"26416","product_technology_id":"","product_line_id":"21651","product_sub_id":"10520","product_description":"<p>Las toallas en rollo de la l\u00ednea Simplify con extracci\u00f3n central reducen el coste de uso, ya que los dispensadores especiales permiten recoger un servicio cada vez para as\u00ed evitar desperdicios. Sus caracter\u00edsticas las hacen perfectas para garantizar limpieza e higiene en todos los entornos profesionales, sin renunciar a la sostenibilidad de un producto neutro en carbono.<\/p>\n","product_certifications_id":[10548,10549],"compatible_dispenser_id":[],"alternative_products_id":[],"suggested_activities_id":[],"product_ambients_post_id":[],"technical_information_overwrite":"0","technical_information":{"centerfeed":"Empty","food_contact":"Empty","material":"Empty","color":"Empty","package_pack":"Empty","package_delivery_case":"Empty"}},"_links":{"self":[{"href":"https:\/\/www.papernet.com\/es\/wp-json\/wp\/v2\/product\/26418"}],"collection":[{"href":"https:\/\/www.papernet.com\/es\/wp-json\/wp\/v2\/product"}],"about":[{"href":"https:\/\/www.papernet.com\/es\/wp-json\/wp\/v2\/types\/product"}],"wp:attachment":[{"href":"https:\/\/www.papernet.com\/es\/wp-json\/wp\/v2\/media?parent=26418"}],"curies":[{"name":"wp","href":"https:\/\/api.w.org\/{rel}","templated":true}]}}