{"id":24027,"date":"2023-07-17T15:18:24","date_gmt":"2023-07-17T13:18:24","guid":{"rendered":"https:\/\/www.papernet.com\/?post_type=product&#038;p=24027"},"modified":"2024-02-29T10:30:57","modified_gmt":"2024-02-29T09:30:57","slug":"toallas-de-mano-plegado-z-419954","status":"publish","type":"product","link":"https:\/\/www.papernet.com\/es\/los-productos\/toallas-interplegadas\/toallas-de-mano-plegado-z\/419954\/","title":{"rendered":"Toallas de Mano Plegado Z &#8211; 419954"},"featured_media":0,"template":"","meta_box":{"product_label":"Toallas de Mano Plegado Z","product_data_id":"23966","product_technology_id":"","product_line_id":"","product_sub_id":"10502","product_description":"<p>Las toallas plegadas Papernet representan la mejor soluci\u00f3n para un secado eficaz, ya que contribuyen a reducir la proliferaci\u00f3n de g\u00e9rmenes y bacterias en las manos y a evitar su dispersi\u00f3n en el ambiente circundante. Los diferentes tipos de intercalados satisfacen cualquier exigencia y minimizan el despilfarro y el impacto medioambiental.<\/p>\n","product_certifications_id":[10549],"compatible_dispenser_id":[10788,10795,10792,10784],"alternative_products_id":[],"suggested_activities_id":[],"product_ambients_post_id":[],"technical_information_overwrite":"0","technical_information":{"centerfeed":"Empty","food_contact":"Empty","material":"Empty","color":"Empty","package_pack":"Empty","package_delivery_case":"Empty"}},"_links":{"self":[{"href":"https:\/\/www.papernet.com\/es\/wp-json\/wp\/v2\/product\/24027"}],"collection":[{"href":"https:\/\/www.papernet.com\/es\/wp-json\/wp\/v2\/product"}],"about":[{"href":"https:\/\/www.papernet.com\/es\/wp-json\/wp\/v2\/types\/product"}],"wp:attachment":[{"href":"https:\/\/www.papernet.com\/es\/wp-json\/wp\/v2\/media?parent=24027"}],"curies":[{"name":"wp","href":"https:\/\/api.w.org\/{rel}","templated":true}]}}