{"id":23221,"date":"2023-05-16T15:52:35","date_gmt":"2023-05-16T13:52:35","guid":{"rendered":"https:\/\/www.papernet.com\/product\/dispenser-carta-igienica-interfogliata-421334\/"},"modified":"2023-05-25T10:16:58","modified_gmt":"2023-05-25T08:16:58","slug":"dispenser-carta-igienica-interfogliata-421334","status":"publish","type":"product","link":"https:\/\/www.papernet.com\/es\/los-productos\/dispensadores\/dispensador-papel-higienico\/421334\/","title":{"rendered":"Dispensador Papel Higi\u00e9nico Engarzado &#8211; 421334"},"featured_media":0,"template":"","meta_box":{"product_label":"Dispensador Papel Higi\u00e9nico Engarzado","product_data_id":"22764","product_technology_id":"","product_line_id":"21651","product_sub_id":"10538","product_description":"<p>El dispensador de papel higi\u00e9nico engarzado de la gama Simplify se ha fabricado en total respeto del medioambiente con pl\u00e1stico posconsumo y madera reciclada, con un material a prueba de golpes que garantiza la m\u00e1xima durabilidad.<\/p>\n","product_certifications_id":[],"compatible_dispenser_id":[],"alternative_products_id":[],"suggested_activities_id":[],"product_ambients_post_id":[],"technical_information_overwrite":"0","technical_information":{"centerfeed":"Empty","food_contact":"Empty","material":"Empty","color":"Empty","package_pack":"Empty","package_delivery_case":"Empty"}},"_links":{"self":[{"href":"https:\/\/www.papernet.com\/es\/wp-json\/wp\/v2\/product\/23221"}],"collection":[{"href":"https:\/\/www.papernet.com\/es\/wp-json\/wp\/v2\/product"}],"about":[{"href":"https:\/\/www.papernet.com\/es\/wp-json\/wp\/v2\/types\/product"}],"wp:attachment":[{"href":"https:\/\/www.papernet.com\/es\/wp-json\/wp\/v2\/media?parent=23221"}],"curies":[{"name":"wp","href":"https:\/\/api.w.org\/{rel}","templated":true}]}}