{"id":23218,"date":"2023-05-16T21:35:33","date_gmt":"2023-05-16T19:35:33","guid":{"rendered":"https:\/\/www.papernet.com\/product\/dispenser-asciugamano-piegato-z-w-421336\/"},"modified":"2023-05-25T13:11:19","modified_gmt":"2023-05-25T11:11:19","slug":"dispenser-asciugamano-piegato-z-w-421336","status":"publish","type":"product","link":"https:\/\/www.papernet.com\/es\/los-productos\/dispensadores\/dispensador-de-toallas-interplegadas\/421336\/","title":{"rendered":"Dispensador Toallas de Mano Plegado Z\/W &#8211; 421336"},"featured_media":0,"template":"","meta_box":{"product_label":"Dispensador Toallas de Mano Plegado Z\/W","product_data_id":"22774","product_technology_id":"","product_line_id":"21651","product_sub_id":"10540","product_description":"<p>El dispensador de toallas de mano con plegado ZW de la gama Simplify se ha fabricado con pl\u00e1stico posconsumo y madera reciclada para una mayor protecci\u00f3n del medioambiente, con un material a prueba de golpes para una m\u00e1xima durabilidad.<\/p>\n","product_certifications_id":[],"compatible_dispenser_id":[],"alternative_products_id":[],"suggested_activities_id":[],"product_ambients_post_id":[],"technical_information_overwrite":"0","technical_information":{"centerfeed":"Empty","food_contact":"Empty","material":"Empty","color":"Empty","package_pack":"Empty","package_delivery_case":"Empty"}},"_links":{"self":[{"href":"https:\/\/www.papernet.com\/es\/wp-json\/wp\/v2\/product\/23218"}],"collection":[{"href":"https:\/\/www.papernet.com\/es\/wp-json\/wp\/v2\/product"}],"about":[{"href":"https:\/\/www.papernet.com\/es\/wp-json\/wp\/v2\/types\/product"}],"wp:attachment":[{"href":"https:\/\/www.papernet.com\/es\/wp-json\/wp\/v2\/media?parent=23218"}],"curies":[{"name":"wp","href":"https:\/\/api.w.org\/{rel}","templated":true}]}}