{"id":11121,"date":"2022-07-26T18:16:42","date_gmt":"2022-07-26T16:16:42","guid":{"rendered":"https:\/\/www.papernet.com\/?post_type=product&#038;p=11121"},"modified":"2022-09-06T11:10:42","modified_gmt":"2022-09-06T09:10:42","slug":"papel-higienico-mini-jumbo-420271","status":"publish","type":"product","link":"https:\/\/www.papernet.com\/es\/los-productos\/papel-higienico\/papel-higienico-mini-jumbo\/420271\/","title":{"rendered":"Papel Higi\u00e9nico Mini Jumbo &#8211; 420271"},"featured_media":0,"template":"","meta_box":{"product_label":"Papel Higi\u00e9nico Mini Jumbo","product_data_id":"5698","product_technology_id":"","product_line_id":"","product_sub_id":"10511","product_description":"Gracias a sus dimensiones, el papel higi\u00e9nico Mini Jumbo es perfecto para espacios peque\u00f1os con gran afluencia de p\u00fablico. Esta caracter\u00edstica permite optimizar los costes y reducir el riesgo de que se agote.","product_certifications_id":[10549],"compatible_dispenser_id":[10781],"alternative_products_id":[],"suggested_activities_id":[],"product_ambients_post_id":[],"technical_information_overwrite":"0","technical_information":{"centerfeed":"Empty","food_contact":"Empty","material":"Empty","color":"Empty","package_pack":"Empty","package_delivery_case":"Empty"}},"_links":{"self":[{"href":"https:\/\/www.papernet.com\/es\/wp-json\/wp\/v2\/product\/11121"}],"collection":[{"href":"https:\/\/www.papernet.com\/es\/wp-json\/wp\/v2\/product"}],"about":[{"href":"https:\/\/www.papernet.com\/es\/wp-json\/wp\/v2\/types\/product"}],"wp:attachment":[{"href":"https:\/\/www.papernet.com\/es\/wp-json\/wp\/v2\/media?parent=11121"}],"curies":[{"name":"wp","href":"https:\/\/api.w.org\/{rel}","templated":true}]}}