{"id":11059,"date":"2022-07-26T18:32:00","date_gmt":"2022-07-26T16:32:00","guid":{"rendered":"https:\/\/www.papernet.com\/?post_type=product&#038;p=11059"},"modified":"2022-09-06T11:10:36","modified_gmt":"2022-09-06T09:10:36","slug":"jabon-liquido-413123","status":"publish","type":"product","link":"https:\/\/www.papernet.com\/es\/los-productos\/jabon-gel-y-desinfectante\/jabon\/413123\/","title":{"rendered":"Jab\u00f3n L\u00edquido &#8211; 413123"},"featured_media":0,"template":"","meta_box":{"product_label":"Jab\u00f3n L\u00edquido","product_data_id":"4453","product_technology_id":"","product_line_id":"","product_sub_id":"10526","product_description":"Los jabones de la gama Papernet son el mejor aliado para una perfecta limpieza de las manos.","product_certifications_id":[],"compatible_dispenser_id":[10785,10823,10786],"alternative_products_id":[],"suggested_activities_id":[],"product_ambients_post_id":[],"technical_information_overwrite":"0","technical_information":{"centerfeed":"Empty","food_contact":"Empty","material":"Empty","color":"Empty","package_pack":"Empty","package_delivery_case":"Empty"}},"_links":{"self":[{"href":"https:\/\/www.papernet.com\/es\/wp-json\/wp\/v2\/product\/11059"}],"collection":[{"href":"https:\/\/www.papernet.com\/es\/wp-json\/wp\/v2\/product"}],"about":[{"href":"https:\/\/www.papernet.com\/es\/wp-json\/wp\/v2\/types\/product"}],"wp:attachment":[{"href":"https:\/\/www.papernet.com\/es\/wp-json\/wp\/v2\/media?parent=11059"}],"curies":[{"name":"wp","href":"https:\/\/api.w.org\/{rel}","templated":true}]}}