{"id":10941,"date":"2022-07-26T19:00:32","date_gmt":"2022-07-26T17:00:32","guid":{"rendered":"https:\/\/www.papernet.com\/?post_type=product&#038;p=10941"},"modified":"2022-09-06T11:10:27","modified_gmt":"2022-09-06T09:10:27","slug":"toallas-de-mano-plegado-w-406312","status":"publish","type":"product","link":"https:\/\/www.papernet.com\/es\/los-productos\/toallas-plegadas\/toallas-de-mano-plegado-w\/406312\/","title":{"rendered":"Toallas de Mano Plegado W &#8211; 406312"},"featured_media":0,"template":"","meta_box":{"product_label":"Toallas de Mano Plegado W","product_data_id":"4103","product_technology_id":"","product_line_id":"","product_sub_id":"10503","product_description":"Las toallas plegadas Papernet representan la mejor soluci\u00f3n para un secado eficaz, ya que contribuyen a reducir la proliferaci\u00f3n de g\u00e9rmenes y bacterias en las manos y a evitar su dispersi\u00f3n en el ambiente circundante. Los diferentes tipos de intercalados satisfacen cualquier exigencia y minimizan el despilfarro y el impacto medioambiental.","product_certifications_id":[10549],"compatible_dispenser_id":[10792,10784],"alternative_products_id":[],"suggested_activities_id":[],"product_ambients_post_id":[],"technical_information_overwrite":"0","technical_information":{"centerfeed":"Empty","food_contact":"Empty","material":"Empty","color":"Empty","package_pack":"Empty","package_delivery_case":"Empty"}},"_links":{"self":[{"href":"https:\/\/www.papernet.com\/es\/wp-json\/wp\/v2\/product\/10941"}],"collection":[{"href":"https:\/\/www.papernet.com\/es\/wp-json\/wp\/v2\/product"}],"about":[{"href":"https:\/\/www.papernet.com\/es\/wp-json\/wp\/v2\/types\/product"}],"wp:attachment":[{"href":"https:\/\/www.papernet.com\/es\/wp-json\/wp\/v2\/media?parent=10941"}],"curies":[{"name":"wp","href":"https:\/\/api.w.org\/{rel}","templated":true}]}}