{"id":10939,"date":"2022-07-26T19:01:33","date_gmt":"2022-07-26T17:01:33","guid":{"rendered":"https:\/\/www.papernet.com\/?post_type=product&#038;p=10939"},"modified":"2022-09-06T11:10:27","modified_gmt":"2022-09-06T09:10:27","slug":"toallas-de-mano-plegado-w-407552","status":"publish","type":"product","link":"https:\/\/www.papernet.com\/es\/los-productos\/toallas-plegadas\/toallas-de-mano-plegado-w\/407552\/","title":{"rendered":"Toallas de Mano Plegado W &#8211; 407552"},"featured_media":0,"template":"","meta_box":{"product_label":"Toallas de Mano Plegado W","product_data_id":"4097","product_technology_id":"10554","product_line_id":"","product_sub_id":"10503","product_description":"Gracias al innovador y exclusivo proceso de fabricaci\u00f3n, las toallas plegadas Dry Tech ofrecen una alta capacidad de absorci\u00f3n y resistencia en comparaci\u00f3n con el papel convencional, lo que las hace perfectas para todos los lugares de trabajo industriales.","product_certifications_id":[10549],"compatible_dispenser_id":[10792,10784],"alternative_products_id":[],"suggested_activities_id":[],"product_ambients_post_id":[],"technical_information_overwrite":"0","technical_information":{"centerfeed":"Empty","food_contact":"Empty","material":"Empty","color":"Empty","package_pack":"Empty","package_delivery_case":"Empty"}},"_links":{"self":[{"href":"https:\/\/www.papernet.com\/es\/wp-json\/wp\/v2\/product\/10939"}],"collection":[{"href":"https:\/\/www.papernet.com\/es\/wp-json\/wp\/v2\/product"}],"about":[{"href":"https:\/\/www.papernet.com\/es\/wp-json\/wp\/v2\/types\/product"}],"wp:attachment":[{"href":"https:\/\/www.papernet.com\/es\/wp-json\/wp\/v2\/media?parent=10939"}],"curies":[{"name":"wp","href":"https:\/\/api.w.org\/{rel}","templated":true}]}}