{"id":10924,"date":"2022-07-26T19:04:27","date_gmt":"2022-07-26T17:04:27","guid":{"rendered":"https:\/\/www.papernet.com\/?post_type=product&#038;p=10924"},"modified":"2022-09-06T11:10:26","modified_gmt":"2022-09-06T09:10:26","slug":"toallas-de-mano-plegado-v-406342","status":"publish","type":"product","link":"https:\/\/www.papernet.com\/es\/los-productos\/toallas-plegadas\/toallas-de-mano-plegado-v\/406342\/","title":{"rendered":"Toallas de Mano Plegado V &#8211; 406342"},"featured_media":0,"template":"","meta_box":{"product_label":"Toallas de Mano Plegado V","product_data_id":"4054","product_technology_id":"","product_line_id":"","product_sub_id":"10501","product_description":"Las toallas plegadas Papernet representan la mejor soluci\u00f3n para un secado eficaz, ya que contribuyen a reducir la proliferaci\u00f3n de g\u00e9rmenes y bacterias en las manos y a evitar su dispersi\u00f3n en el ambiente circundante. Los diferentes tipos de intercalados satisfacen cualquier exigencia y minimizan el despilfarro y el impacto medioambiental.","product_certifications_id":[10549],"compatible_dispenser_id":[10779,10766],"alternative_products_id":[],"suggested_activities_id":[],"product_ambients_post_id":[],"technical_information_overwrite":"0","technical_information":{"centerfeed":"Empty","food_contact":"Empty","material":"Empty","color":"Empty","package_pack":"Empty","package_delivery_case":"Empty"}},"_links":{"self":[{"href":"https:\/\/www.papernet.com\/es\/wp-json\/wp\/v2\/product\/10924"}],"collection":[{"href":"https:\/\/www.papernet.com\/es\/wp-json\/wp\/v2\/product"}],"about":[{"href":"https:\/\/www.papernet.com\/es\/wp-json\/wp\/v2\/types\/product"}],"wp:attachment":[{"href":"https:\/\/www.papernet.com\/es\/wp-json\/wp\/v2\/media?parent=10924"}],"curies":[{"name":"wp","href":"https:\/\/api.w.org\/{rel}","templated":true}]}}