{"id":10854,"date":"2022-07-26T19:20:57","date_gmt":"2022-07-26T17:20:57","guid":{"rendered":"https:\/\/www.papernet.com\/?post_type=product&#038;p=10854"},"modified":"2022-09-06T11:10:21","modified_gmt":"2022-09-06T09:10:21","slug":"rollo-de-toallas-autocut-416623","status":"publish","type":"product","link":"https:\/\/www.papernet.com\/es\/los-productos\/secamanos-en-rollo\/rollo-secamanos-autocut\/416623\/","title":{"rendered":"Rollo de Toallas Autocut &#8211; 416623"},"featured_media":0,"template":"","meta_box":{"product_label":"Rollo de Toallas Autocut","product_data_id":"3848","product_technology_id":"10554","product_line_id":"","product_sub_id":"10519","product_description":"Gracias a su innovador y exclusivo proceso de fabricaci\u00f3n, los productos Dry Tech ofrecen una alta capacidad de absorci\u00f3n y resistencia en comparaci\u00f3n con el papel convencional, lo que los hace perfectos para todos los lugares de trabajo industriales.","product_certifications_id":[10549],"compatible_dispenser_id":[10789,10791,10771],"alternative_products_id":[],"suggested_activities_id":[],"product_ambients_post_id":[],"technical_information_overwrite":"0","technical_information":{"centerfeed":"Empty","food_contact":"Empty","material":"Empty","color":"Empty","package_pack":"Empty","package_delivery_case":"Empty"}},"_links":{"self":[{"href":"https:\/\/www.papernet.com\/es\/wp-json\/wp\/v2\/product\/10854"}],"collection":[{"href":"https:\/\/www.papernet.com\/es\/wp-json\/wp\/v2\/product"}],"about":[{"href":"https:\/\/www.papernet.com\/es\/wp-json\/wp\/v2\/types\/product"}],"wp:attachment":[{"href":"https:\/\/www.papernet.com\/es\/wp-json\/wp\/v2\/media?parent=10854"}],"curies":[{"name":"wp","href":"https:\/\/api.w.org\/{rel}","templated":true}]}}