{"id":10844,"date":"2022-07-26T19:22:49","date_gmt":"2022-07-26T17:22:49","guid":{"rendered":"https:\/\/www.papernet.com\/?post_type=product&#038;p=10844"},"modified":"2022-09-06T11:10:20","modified_gmt":"2022-09-06T09:10:20","slug":"rollo-de-toallas-centrefeed-416610","status":"publish","type":"product","link":"https:\/\/www.papernet.com\/es\/los-productos\/secamanos-en-rollo\/rollo-secamanos-de-dispensacion-central\/416610\/","title":{"rendered":"Rollo de Toallas Centrefeed &#8211; 416610"},"featured_media":0,"template":"","meta_box":{"product_label":"Rollo de Toallas Centrefeed","product_data_id":"3818","product_technology_id":"","product_line_id":"","product_sub_id":"10520","product_description":"Los rollos de papel secamanos Papernet de extracci\u00f3n central, reducen el coste de uso, ya que los dispensadores especiales permiten retirar un servicio cada vez, para as\u00ed evitar despilfarros. Sus caracter\u00edsticas las hacen ideales para garantizar limpieza e higiene en todos los entornos profesionales.","product_certifications_id":[10549],"compatible_dispenser_id":[10780,10770,10798],"alternative_products_id":[],"suggested_activities_id":[],"product_ambients_post_id":[],"technical_information_overwrite":"0","technical_information":{"centerfeed":"Empty","food_contact":"Empty","material":"Empty","color":"Empty","package_pack":"Empty","package_delivery_case":"Empty"}},"_links":{"self":[{"href":"https:\/\/www.papernet.com\/es\/wp-json\/wp\/v2\/product\/10844"}],"collection":[{"href":"https:\/\/www.papernet.com\/es\/wp-json\/wp\/v2\/product"}],"about":[{"href":"https:\/\/www.papernet.com\/es\/wp-json\/wp\/v2\/types\/product"}],"wp:attachment":[{"href":"https:\/\/www.papernet.com\/es\/wp-json\/wp\/v2\/media?parent=10844"}],"curies":[{"name":"wp","href":"https:\/\/api.w.org\/{rel}","templated":true}]}}