{"id":10842,"date":"2022-07-26T19:22:27","date_gmt":"2022-07-26T17:22:27","guid":{"rendered":"https:\/\/www.papernet.com\/?post_type=product&#038;p=10842"},"modified":"2022-09-06T11:10:20","modified_gmt":"2022-09-06T09:10:20","slug":"rollo-de-toallas-autocut-412057","status":"publish","type":"product","link":"https:\/\/www.papernet.com\/es\/los-productos\/secamanos-en-rollo\/rollo-secamanos-autocut\/412057\/","title":{"rendered":"Rollo de Toallas Autocut &#8211; 412057"},"featured_media":0,"template":"","meta_box":{"product_label":"Rollo de Toallas Autocut","product_data_id":"3812","product_technology_id":"","product_line_id":"","product_sub_id":"10519","product_description":"Las toallas en rollo Papernet son la soluci\u00f3n ideal para garantizar resistencia, absorci\u00f3n y eficacia en las operaciones de secado. De hecho, sus caracter\u00edsticas las hacen ideales para garantizar limpieza e higiene en todos los entornos profesionales.","product_certifications_id":[10549],"compatible_dispenser_id":[10812,10777,10778,10791,10771,10772],"alternative_products_id":[],"suggested_activities_id":[],"product_ambients_post_id":[],"technical_information_overwrite":"0","technical_information":{"centerfeed":"Empty","food_contact":"Empty","material":"Empty","color":"Empty","package_pack":"Empty","package_delivery_case":"Empty"}},"_links":{"self":[{"href":"https:\/\/www.papernet.com\/es\/wp-json\/wp\/v2\/product\/10842"}],"collection":[{"href":"https:\/\/www.papernet.com\/es\/wp-json\/wp\/v2\/product"}],"about":[{"href":"https:\/\/www.papernet.com\/es\/wp-json\/wp\/v2\/types\/product"}],"wp:attachment":[{"href":"https:\/\/www.papernet.com\/es\/wp-json\/wp\/v2\/media?parent=10842"}],"curies":[{"name":"wp","href":"https:\/\/api.w.org\/{rel}","templated":true}]}}