{"id":10793,"date":"2022-07-26T19:34:40","date_gmt":"2022-07-26T17:34:40","guid":{"rendered":"https:\/\/www.papernet.com\/?post_type=product&#038;p=10793"},"modified":"2022-09-06T11:10:16","modified_gmt":"2022-09-06T09:10:16","slug":"dispensador-antiseptico-papel-higienico-engarzado-416157","status":"publish","type":"product","link":"https:\/\/www.papernet.com\/es\/los-productos\/dispensadores\/dispensador-papel-higienico\/416157\/","title":{"rendered":"Dispensador Antis\u00e9ptico Papel Higi\u00e9nico Engarzado &#8211; 416157"},"featured_media":0,"template":"","meta_box":{"product_label":"Dispensador Antis\u00e9ptico Papel Higi\u00e9nico Engarzado","product_data_id":"1766","product_technology_id":"10557","product_line_id":"","product_sub_id":"10538","product_description":"Una amplia gama de dispensadores de pl\u00e1stico antibacteriano donde la sencillez y la elegancia est\u00e1n garantizadas por un exclusivo dise\u00f1o italiano que har\u00e1 que el ambiente est\u00e9 ordenado y limpio.","product_certifications_id":[],"compatible_dispenser_id":[],"alternative_products_id":[],"suggested_activities_id":[],"product_ambients_post_id":[],"technical_information_overwrite":"0","technical_information":{"centerfeed":"Empty","food_contact":"Empty","material":"Empty","color":"Empty","package_pack":"Empty","package_delivery_case":"Empty"}},"_links":{"self":[{"href":"https:\/\/www.papernet.com\/es\/wp-json\/wp\/v2\/product\/10793"}],"collection":[{"href":"https:\/\/www.papernet.com\/es\/wp-json\/wp\/v2\/product"}],"about":[{"href":"https:\/\/www.papernet.com\/es\/wp-json\/wp\/v2\/types\/product"}],"wp:attachment":[{"href":"https:\/\/www.papernet.com\/es\/wp-json\/wp\/v2\/media?parent=10793"}],"curies":[{"name":"wp","href":"https:\/\/api.w.org\/{rel}","templated":true}]}}