{"id":10790,"date":"2022-07-26T19:35:34","date_gmt":"2022-07-26T17:35:34","guid":{"rendered":"https:\/\/www.papernet.com\/?post_type=product&#038;p=10790"},"modified":"2024-07-18T16:57:59","modified_gmt":"2024-07-18T14:57:59","slug":"dispensador-antiseptico-papel-higienico-full-tech-416154","status":"publish","type":"product","link":"https:\/\/www.papernet.com\/es\/los-productos\/dispensadores\/dispensador-papel-higienico\/416154\/","title":{"rendered":"Dispensador Antis\u00e9ptico Papel Higi\u00e9nico &#8211; 416154"},"featured_media":0,"template":"","meta_box":{"product_label":"Dispensador Antis\u00e9ptico Papel Higi\u00e9nico","product_data_id":"3658","product_technology_id":"10557","product_line_id":"","product_sub_id":"10538","product_description":"<p>Una amplia gama de dispensadores de pl\u00e1stico antibacteriano donde la sencillez y la elegancia est\u00e1n garantizadas por un exclusivo dise\u00f1o italiano que har\u00e1 que el ambiente est\u00e9 ordenado y limpio.<\/p>\n","product_certifications_id":[],"compatible_dispenser_id":[],"alternative_products_id":[],"suggested_activities_id":[],"product_ambients_post_id":[],"technical_information_overwrite":"0","technical_information":{"centerfeed":"Empty","food_contact":"Empty","material":"Empty","color":"Empty","package_pack":"Empty","package_delivery_case":"Empty"}},"_links":{"self":[{"href":"https:\/\/www.papernet.com\/es\/wp-json\/wp\/v2\/product\/10790"}],"collection":[{"href":"https:\/\/www.papernet.com\/es\/wp-json\/wp\/v2\/product"}],"about":[{"href":"https:\/\/www.papernet.com\/es\/wp-json\/wp\/v2\/types\/product"}],"wp:attachment":[{"href":"https:\/\/www.papernet.com\/es\/wp-json\/wp\/v2\/media?parent=10790"}],"curies":[{"name":"wp","href":"https:\/\/api.w.org\/{rel}","templated":true}]}}