{"id":9096,"date":"2022-07-01T14:35:23","date_gmt":"2022-07-01T12:35:23","guid":{"rendered":"https:\/\/www.papernet.com\/?post_type=product&#038;p=9096"},"modified":"2026-03-24T15:15:57","modified_gmt":"2026-03-24T14:15:57","slug":"wipes-fast-clean-419295","status":"publish","type":"product","link":"https:\/\/www.papernet.com\/de\/das-produkte\/falthandtuecher\/wischt-door-tissue\/419295\/","title":{"rendered":"Wipes \u201cFast &#038; Clean\u201d &#8211; 419295"},"featured_media":0,"template":"","meta_box":{"product_label":"Wipes \u201cFast & Clean\u201d","product_data_id":"4630","product_technology_id":"7828","product_line_id":"","product_sub_id":"7820","product_description":"<p>Mehrzweck-Papiert\u00fccher, praktisch und schnell, f\u00fcr die Reinigung verschiedener Oberfl\u00e4chen geeignet und perfekt f\u00fcr alle Bereiche wie Caf\u00e9s, Restaurants, K\u00fcchen, Kantinen, B\u00fcros und Krankenh\u00e4user. Dank des Klebestreifens auf der R\u00fcckseite kann das Produkt an den Flakon des Reinigungssprays geklebt werden. Dank der praktischen \u00d6ffnung ist eine einfache Einzeltuchentnahme m\u00f6glich, was einen verschwenderischen Umgang mit dem Produkt verhindert.<\/p>\n","product_certifications_id":[7911,7910],"compatible_dispenser_id":[],"alternative_products_id":[],"suggested_activities_id":[],"product_ambients_post_id":[33108,33110,33114,33119,33131,33135,33133,33136,33138,33141,33145,33151,33153,33156,33160,33162,33232,33236,33227,33223,33221,33230,33219,33217],"technical_information_overwrite":"0","technical_information":{"centerfeed":"Empty","food_contact":"Empty","material":"Empty","color":"Empty","package_pack":"Empty","package_delivery_case":"Empty"}},"_links":{"self":[{"href":"https:\/\/www.papernet.com\/de\/wp-json\/wp\/v2\/product\/9096"}],"collection":[{"href":"https:\/\/www.papernet.com\/de\/wp-json\/wp\/v2\/product"}],"about":[{"href":"https:\/\/www.papernet.com\/de\/wp-json\/wp\/v2\/types\/product"}],"wp:attachment":[{"href":"https:\/\/www.papernet.com\/de\/wp-json\/wp\/v2\/media?parent=9096"}],"curies":[{"name":"wp","href":"https:\/\/api.w.org\/{rel}","templated":true}]}}