{"id":8994,"date":"2022-07-01T16:24:24","date_gmt":"2022-07-01T14:24:24","guid":{"rendered":"https:\/\/www.papernet.com\/?post_type=product&#038;p=8994"},"modified":"2026-03-24T16:57:20","modified_gmt":"2026-03-24T15:57:20","slug":"hand-alcoholic-gel-419728","status":"publish","type":"product","link":"https:\/\/www.papernet.com\/de\/das-produkte\/seife-und-gel\/hand-reinigungs-gel\/419728\/","title":{"rendered":"Hand Alcoholic Gel &#8211; 419728"},"featured_media":0,"template":"","meta_box":{"product_label":"Hand Alcoholic Gel","product_data_id":"4477","product_technology_id":"7828","product_line_id":"","product_sub_id":"7807","product_description":"<p>Handreinigungsgels aus der Serie Defend Tech gew\u00e4hrleisten immer und \u00fcberall die perfekte H\u00e4ndehygiene.<\/p>\n","product_certifications_id":[],"compatible_dispenser_id":[8502],"alternative_products_id":[],"suggested_activities_id":[],"product_ambients_post_id":[],"technical_information_overwrite":"0","technical_information":{"centerfeed":"Empty","food_contact":"Empty","material":"Empty","color":"Empty","package_pack":"Empty","package_delivery_case":"Empty"}},"_links":{"self":[{"href":"https:\/\/www.papernet.com\/de\/wp-json\/wp\/v2\/product\/8994"}],"collection":[{"href":"https:\/\/www.papernet.com\/de\/wp-json\/wp\/v2\/product"}],"about":[{"href":"https:\/\/www.papernet.com\/de\/wp-json\/wp\/v2\/types\/product"}],"wp:attachment":[{"href":"https:\/\/www.papernet.com\/de\/wp-json\/wp\/v2\/media?parent=8994"}],"curies":[{"name":"wp","href":"https:\/\/api.w.org\/{rel}","templated":true}]}}