{"id":8934,"date":"2022-07-01T16:30:27","date_gmt":"2022-07-01T14:30:27","guid":{"rendered":"https:\/\/www.papernet.com\/?post_type=product&#038;p=8934"},"modified":"2026-03-26T10:43:48","modified_gmt":"2026-03-26T09:43:48","slug":"mini-jumborollen-toilettenpapier-418086","status":"publish","type":"product","link":"https:\/\/www.papernet.com\/de\/das-produkte\/toilettenpapier\/mini-jumbo-toilettenpapier\/418086\/","title":{"rendered":"Mini Jumborollen &#8211; Toilettenpapier &#8211; 418086"},"featured_media":0,"template":"","meta_box":{"product_label":"Mini Jumborollen - Toilettenpapier","product_data_id":"4389","product_technology_id":"","product_line_id":"","product_sub_id":"7818","product_description":"<p>Mini Jumbo Toilettenpapier ist dank seiner platzsparenden Gr\u00f6\u00dfe perfekt f\u00fcr kleine R\u00e4ume mit hoher Besucherfrequenz. Dank dieser Eigenschaft lassen sich Kosten optimieren und Papierengp\u00e4sse vermeiden.<\/p>\n","product_certifications_id":[7910],"compatible_dispenser_id":[8450,8420],"alternative_products_id":[],"suggested_activities_id":[],"product_ambients_post_id":[],"technical_information_overwrite":"0","technical_information":{"centerfeed":"Empty","food_contact":"Empty","material":"Empty","color":"Empty","package_pack":"Empty","package_delivery_case":"Empty"}},"_links":{"self":[{"href":"https:\/\/www.papernet.com\/de\/wp-json\/wp\/v2\/product\/8934"}],"collection":[{"href":"https:\/\/www.papernet.com\/de\/wp-json\/wp\/v2\/product"}],"about":[{"href":"https:\/\/www.papernet.com\/de\/wp-json\/wp\/v2\/types\/product"}],"wp:attachment":[{"href":"https:\/\/www.papernet.com\/de\/wp-json\/wp\/v2\/media?parent=8934"}],"curies":[{"name":"wp","href":"https:\/\/api.w.org\/{rel}","templated":true}]}}