{"id":8804,"date":"2022-07-01T16:58:42","date_gmt":"2022-07-01T14:58:42","guid":{"rendered":"https:\/\/www.papernet.com\/?post_type=product&#038;p=8804"},"modified":"2026-03-26T12:07:46","modified_gmt":"2026-03-26T11:07:46","slug":"toilettenpapier-407575","status":"publish","type":"product","link":"https:\/\/www.papernet.com\/de\/das-produkte\/toilettenpapier\/kleinrollen-toilettenpapier\/407575\/","title":{"rendered":"Toilettenpapier &#8211; 407575"},"featured_media":0,"template":"","meta_box":{"product_label":"Toilettenpapier","product_data_id":"4197","product_technology_id":"7844","product_line_id":"","product_sub_id":"7815","product_description":"<p>Bio-Tech-Toilettenpapier mit seiner Biologic-Active-Tissue-Paper-Technologie (BATP) bek\u00e4mpft krankheitserregende Bakterien wirksam und auf nat\u00fcrliche Weise und sorgt zugleich f\u00fcr saubere Rohre, Abwassersysteme und Kl\u00e4rgruben. Dank dieser Technologie eignet sich Bio-Tech-Toilettenpapier besonders f\u00fcr den Einsatz in hochfrequentierten Bereichen, da es Verstopfungsgefahren und damit auch Kosten f\u00fcr Instandhaltungseins\u00e4tze reduziert.<\/p>\n","product_certifications_id":[7910],"compatible_dispenser_id":[8378,8480],"alternative_products_id":[],"suggested_activities_id":[],"product_ambients_post_id":[],"technical_information_overwrite":"0","technical_information":{"centerfeed":"Empty","food_contact":"Empty","material":"Empty","color":"Empty","package_pack":"Empty","package_delivery_case":"Empty"}},"_links":{"self":[{"href":"https:\/\/www.papernet.com\/de\/wp-json\/wp\/v2\/product\/8804"}],"collection":[{"href":"https:\/\/www.papernet.com\/de\/wp-json\/wp\/v2\/product"}],"about":[{"href":"https:\/\/www.papernet.com\/de\/wp-json\/wp\/v2\/types\/product"}],"wp:attachment":[{"href":"https:\/\/www.papernet.com\/de\/wp-json\/wp\/v2\/media?parent=8804"}],"curies":[{"name":"wp","href":"https:\/\/api.w.org\/{rel}","templated":true}]}}